{"id":3921,"date":"2022-09-05T22:13:51","date_gmt":"2022-09-06T04:13:51","guid":{"rendered":"https:\/\/itv.geekbotelectronics.com\/?post_type=product&#038;p=3921"},"modified":"2025-05-27T10:02:54","modified_gmt":"2025-05-27T16:02:54","slug":"modulo-max6675-termopar-tipo-k","status":"publish","type":"product","link":"https:\/\/itv.geekbotelectronics.com\/index.php\/product\/modulo-max6675-termopar-tipo-k\/","title":{"rendered":"M\u00f3dulo MAX6675 Termopar Tipo K"},"content":{"rendered":"<p>El MAX6675 es un convertidor Anal\u00f3gico a digital especializado para termopares tipo K. Con este m\u00f3dulo es posible conectar f\u00e1cilmente un termopar a cualquier microcontrolador a trav\u00e9s de una interfaz SPI unidireccional. Dentro de este peque\u00f1o circuito se encuentra la electr\u00f3nica necesaria para amplificar, compensar y convertir a digital el voltaje generado por el termopar, lo que hace muy sencilla la tarea de conectar un termopar a un microcontrolador.<\/p>\n","protected":false},"excerpt":{"rendered":"<h4><span style=\"color: #000000\">Caracter\u00edsticas<\/span><\/h4>\n<ul>\n<li><span style=\"color: #000000\"><a style=\"color: #000000\" href=\"http:\/\/es.wikipedia.org\/wiki\/Serial_Peripheral_Interface\" target=\"_blank\" rel=\"noopener noreferrer\">Interfaz compatible con SPI<\/a>\u00a0solo de lectura.<\/span><\/li>\n<li><span style=\"color: #000000\">Resoluci\u00f3n de 12 bits, 0.25 grados cent\u00edgrados.<\/span><\/li>\n<li><span style=\"color: #000000\">Medici\u00f3n hasta 1024 grados cent\u00edgrados.<\/span><\/li>\n<li><span style=\"color: #000000\">Alimentaci\u00f3n de 3.3 a 5 volts.<\/span><\/li>\n<li><span style=\"color: #000000\">Frecuencia de reloj SPI m\u00e1xima Fscl 4.3 Mhz.<\/span><\/li>\n<li><span style=\"color: #000000\">Tiempo de conversi\u00f3n 0.17 s m\u00e1ximo 0.22 segundos.<\/span><\/li>\n<li><span style=\"color: #000000\">Consumo m\u00e1ximo de 1.5 mA.<\/span><\/li>\n<li><span style=\"color: #000000\">Incluye termopar tipo K<\/span><\/li>\n<\/ul>\n","protected":false},"featured_media":1743,"comment_status":"closed","ping_status":"closed","template":"","meta":{"_lmt_disableupdate":"no","_lmt_disable":""},"product_brand":[],"product_cat":[68,25],"product_tag":[],"class_list":{"0":"post-3921","1":"product","2":"type-product","3":"status-publish","4":"has-post-thumbnail","6":"product_cat-ambientales","7":"product_cat-modulos","9":"first","10":"instock","11":"taxable","12":"shipping-taxable","13":"purchasable","14":"product-type-simple"},"_links":{"self":[{"href":"https:\/\/itv.geekbotelectronics.com\/index.php\/wp-json\/wp\/v2\/product\/3921"}],"collection":[{"href":"https:\/\/itv.geekbotelectronics.com\/index.php\/wp-json\/wp\/v2\/product"}],"about":[{"href":"https:\/\/itv.geekbotelectronics.com\/index.php\/wp-json\/wp\/v2\/types\/product"}],"replies":[{"embeddable":true,"href":"https:\/\/itv.geekbotelectronics.com\/index.php\/wp-json\/wp\/v2\/comments?post=3921"}],"wp:featuredmedia":[{"embeddable":true,"href":"https:\/\/itv.geekbotelectronics.com\/index.php\/wp-json\/wp\/v2\/media\/1743"}],"wp:attachment":[{"href":"https:\/\/itv.geekbotelectronics.com\/index.php\/wp-json\/wp\/v2\/media?parent=3921"}],"wp:term":[{"taxonomy":"product_brand","embeddable":true,"href":"https:\/\/itv.geekbotelectronics.com\/index.php\/wp-json\/wp\/v2\/product_brand?post=3921"},{"taxonomy":"product_cat","embeddable":true,"href":"https:\/\/itv.geekbotelectronics.com\/index.php\/wp-json\/wp\/v2\/product_cat?post=3921"},{"taxonomy":"product_tag","embeddable":true,"href":"https:\/\/itv.geekbotelectronics.com\/index.php\/wp-json\/wp\/v2\/product_tag?post=3921"}],"curies":[{"name":"wp","href":"https:\/\/api.w.org\/{rel}","templated":true}]}}