{"id":3959,"date":"2022-09-05T22:14:00","date_gmt":"2022-09-06T04:14:00","guid":{"rendered":"https:\/\/itv.geekbotelectronics.com\/?post_type=product&#038;p=3959"},"modified":"2025-08-28T15:54:18","modified_gmt":"2025-08-28T21:54:18","slug":"organizador-con-13-divisiones","status":"publish","type":"product","link":"https:\/\/itv.geekbotelectronics.com\/index.php\/product\/organizador-con-13-divisiones\/","title":{"rendered":"Organizador con 13 Divisiones"},"content":{"rendered":"","protected":false},"excerpt":{"rendered":"<p>ORGANIZADOR DE 13 DIVISIONES<\/p>\n<p>Es el elemento ideal para mantener ordenados varios accesorios como tornillos, tuercas y hasta monedas. Esta fabricada de polipropileno, caracter\u00edstica que la hace muy resistente a golpes y garantiza una larga duraci\u00f3n a trav\u00e9s del tiempo. Gracias a sus ganchos de pl\u00e1stico mantendr\u00e1s siempre en su lugar cada cosa evitando que estas se salgan de la caja y se extrav\u00eden.<\/p>\n","protected":false},"featured_media":1835,"comment_status":"closed","ping_status":"closed","template":"","meta":{"_lmt_disableupdate":"no","_lmt_disable":""},"product_brand":[],"product_cat":[133,104],"product_tag":[155],"class_list":{"0":"post-3959","1":"product","2":"type-product","3":"status-publish","4":"has-post-thumbnail","6":"product_cat-cajas-de-herramientas","7":"product_cat-herramienta","8":"product_tag-truper","10":"first","11":"instock","12":"taxable","13":"shipping-taxable","14":"purchasable","15":"product-type-simple"},"_links":{"self":[{"href":"https:\/\/itv.geekbotelectronics.com\/index.php\/wp-json\/wp\/v2\/product\/3959"}],"collection":[{"href":"https:\/\/itv.geekbotelectronics.com\/index.php\/wp-json\/wp\/v2\/product"}],"about":[{"href":"https:\/\/itv.geekbotelectronics.com\/index.php\/wp-json\/wp\/v2\/types\/product"}],"replies":[{"embeddable":true,"href":"https:\/\/itv.geekbotelectronics.com\/index.php\/wp-json\/wp\/v2\/comments?post=3959"}],"wp:featuredmedia":[{"embeddable":true,"href":"https:\/\/itv.geekbotelectronics.com\/index.php\/wp-json\/wp\/v2\/media\/1835"}],"wp:attachment":[{"href":"https:\/\/itv.geekbotelectronics.com\/index.php\/wp-json\/wp\/v2\/media?parent=3959"}],"wp:term":[{"taxonomy":"product_brand","embeddable":true,"href":"https:\/\/itv.geekbotelectronics.com\/index.php\/wp-json\/wp\/v2\/product_brand?post=3959"},{"taxonomy":"product_cat","embeddable":true,"href":"https:\/\/itv.geekbotelectronics.com\/index.php\/wp-json\/wp\/v2\/product_cat?post=3959"},{"taxonomy":"product_tag","embeddable":true,"href":"https:\/\/itv.geekbotelectronics.com\/index.php\/wp-json\/wp\/v2\/product_tag?post=3959"}],"curies":[{"name":"wp","href":"https:\/\/api.w.org\/{rel}","templated":true}]}}