{"id":3963,"date":"2022-09-05T22:14:00","date_gmt":"2022-09-06T04:14:00","guid":{"rendered":"https:\/\/itv.geekbotelectronics.com\/?post_type=product&#038;p=3963"},"modified":"2025-10-27T10:23:27","modified_gmt":"2025-10-27T16:23:27","slug":"soporte-para-cautin-con-limpiador","status":"publish","type":"product","link":"https:\/\/itv.geekbotelectronics.com\/index.php\/product\/soporte-para-cautin-con-limpiador\/","title":{"rendered":"Soporte para Caut\u00edn con Limpiador"},"content":{"rendered":"","protected":false},"excerpt":{"rendered":"<p>Soporte para cautin con limpiador de esponja<br \/>\nPara cautines tipo l\u00e1piz.<br \/>\nSoporte met\u00e1lico que disipa el calor y sostiene el caut\u00edn cuando no est\u00e1 en uso.<\/p>\n","protected":false},"featured_media":1839,"comment_status":"closed","ping_status":"closed","template":"","meta":{"_lmt_disableupdate":"no","_lmt_disable":""},"product_brand":[],"product_cat":[104,112],"product_tag":[155],"class_list":{"0":"post-3963","1":"product","2":"type-product","3":"status-publish","4":"has-post-thumbnail","6":"product_cat-herramienta","7":"product_cat-soldadura","8":"product_tag-truper","10":"first","11":"instock","12":"taxable","13":"shipping-taxable","14":"purchasable","15":"product-type-simple"},"_links":{"self":[{"href":"https:\/\/itv.geekbotelectronics.com\/index.php\/wp-json\/wp\/v2\/product\/3963"}],"collection":[{"href":"https:\/\/itv.geekbotelectronics.com\/index.php\/wp-json\/wp\/v2\/product"}],"about":[{"href":"https:\/\/itv.geekbotelectronics.com\/index.php\/wp-json\/wp\/v2\/types\/product"}],"replies":[{"embeddable":true,"href":"https:\/\/itv.geekbotelectronics.com\/index.php\/wp-json\/wp\/v2\/comments?post=3963"}],"wp:featuredmedia":[{"embeddable":true,"href":"https:\/\/itv.geekbotelectronics.com\/index.php\/wp-json\/wp\/v2\/media\/1839"}],"wp:attachment":[{"href":"https:\/\/itv.geekbotelectronics.com\/index.php\/wp-json\/wp\/v2\/media?parent=3963"}],"wp:term":[{"taxonomy":"product_brand","embeddable":true,"href":"https:\/\/itv.geekbotelectronics.com\/index.php\/wp-json\/wp\/v2\/product_brand?post=3963"},{"taxonomy":"product_cat","embeddable":true,"href":"https:\/\/itv.geekbotelectronics.com\/index.php\/wp-json\/wp\/v2\/product_cat?post=3963"},{"taxonomy":"product_tag","embeddable":true,"href":"https:\/\/itv.geekbotelectronics.com\/index.php\/wp-json\/wp\/v2\/product_tag?post=3963"}],"curies":[{"name":"wp","href":"https:\/\/api.w.org\/{rel}","templated":true}]}}