{"id":3971,"date":"2022-09-05T22:14:07","date_gmt":"2022-09-06T04:14:07","guid":{"rendered":"https:\/\/itv.geekbotelectronics.com\/?post_type=product&#038;p=3971"},"modified":"2025-03-06T16:10:45","modified_gmt":"2025-03-06T22:10:45","slug":"cable-duplex-18-awg-por-metro","status":"publish","type":"product","link":"https:\/\/itv.geekbotelectronics.com\/index.php\/product\/cable-duplex-18-awg-por-metro\/","title":{"rendered":"Cable Duplex 18 AWG por Metro"},"content":{"rendered":"<p style=\"text-align: justify\">Cable Duplex. T\u00e9cnicamente los materiales por los que fluye la corriente el\u00e9ctrica se denominan conductores. Los conductores que se utilizan para transportar la energ\u00eda el\u00e9ctrica de un lugar a otro por lo general son conocidos como cables, alambres o cordones.<\/p>\n<p style=\"text-align: justify\">En la mayor\u00eda de los hogares y negocios se utilizan cables o alambres hechos de un material conductor s\u00f3lido, casi siempre cobre, protegido con una cubierta aislante de pl\u00e1stico. En instalaciones antiguas y para algunas aplicaciones especiales se pueden llegar a utilizar conductores de aluminio o aluminio recubierto de cobre pero eso es muy poco com\u00fan.<\/p>\n","protected":false},"excerpt":{"rendered":"<p>tensi\u00f3n m\u00e1xima de operaci\u00f3n 300V<\/p>\n<p>temperatura m\u00e1xima en ambientes secos y h\u00famedos 60\u00baC<\/p>\n<p>&nbsp;<\/p>\n","protected":false},"featured_media":1846,"comment_status":"closed","ping_status":"closed","template":"","meta":{"_lmt_disableupdate":"","_lmt_disable":""},"product_brand":[],"product_cat":[102],"product_tag":[],"class_list":{"0":"post-3971","1":"product","2":"type-product","3":"status-publish","4":"has-post-thumbnail","6":"product_cat-cables-varios","8":"first","9":"outofstock","10":"taxable","11":"shipping-taxable","12":"purchasable","13":"product-type-simple"},"_links":{"self":[{"href":"https:\/\/itv.geekbotelectronics.com\/index.php\/wp-json\/wp\/v2\/product\/3971"}],"collection":[{"href":"https:\/\/itv.geekbotelectronics.com\/index.php\/wp-json\/wp\/v2\/product"}],"about":[{"href":"https:\/\/itv.geekbotelectronics.com\/index.php\/wp-json\/wp\/v2\/types\/product"}],"replies":[{"embeddable":true,"href":"https:\/\/itv.geekbotelectronics.com\/index.php\/wp-json\/wp\/v2\/comments?post=3971"}],"wp:featuredmedia":[{"embeddable":true,"href":"https:\/\/itv.geekbotelectronics.com\/index.php\/wp-json\/wp\/v2\/media\/1846"}],"wp:attachment":[{"href":"https:\/\/itv.geekbotelectronics.com\/index.php\/wp-json\/wp\/v2\/media?parent=3971"}],"wp:term":[{"taxonomy":"product_brand","embeddable":true,"href":"https:\/\/itv.geekbotelectronics.com\/index.php\/wp-json\/wp\/v2\/product_brand?post=3971"},{"taxonomy":"product_cat","embeddable":true,"href":"https:\/\/itv.geekbotelectronics.com\/index.php\/wp-json\/wp\/v2\/product_cat?post=3971"},{"taxonomy":"product_tag","embeddable":true,"href":"https:\/\/itv.geekbotelectronics.com\/index.php\/wp-json\/wp\/v2\/product_tag?post=3971"}],"curies":[{"name":"wp","href":"https:\/\/api.w.org\/{rel}","templated":true}]}}