{"id":4025,"date":"2022-09-05T22:14:17","date_gmt":"2022-09-06T04:14:17","guid":{"rendered":"https:\/\/itv.geekbotelectronics.com\/?post_type=product&#038;p=4025"},"modified":"2024-12-04T16:43:14","modified_gmt":"2024-12-04T22:43:14","slug":"preset-500-k","status":"publish","type":"product","link":"https:\/\/itv.geekbotelectronics.com\/index.php\/product\/preset-500-k\/","title":{"rendered":"Preset 500 K"},"content":{"rendered":"<h3><strong>Preset 500 K (504)<\/strong><\/h3>\n<p>Un Preset es un componente electr\u00f3nico\u00a0ajustable en miniatura. Est\u00e1 destinado a ser configurado correctamente cuando se instala en alg\u00fan dispositivo, y nunca visto o ajustado por el usuario del dispositivo. Son comunes en los circuitos de precisi\u00f3n, como los\u00a0componentes de\u00a0A \/ V\u00a0, y es posible que deban ajustarse cuando se repara el equipo.\u00a0Los Presets se utilizan a menudo para calibrar inicialmente el equipo despu\u00e9s de la fabricaci\u00f3n. A diferencia de muchos otros controles variables, los presets se montan directamente en las <a href=\"https:\/\/en.wikipedia.org\/wiki\/Circuit_board\">placas de circuito<\/a>\u00a0y se giran con un\u00a0destornillador. Y\u00a0clasificado para muchos menos ajustes durante su vida.<\/p>\n","protected":false},"excerpt":{"rendered":"<p>Un preset en una resistencia variable, algo similar a un potenci\u00f3metro\u00a0pero el preset es peque\u00f1o y se utiliza normalmente para ajustes finales en un circuito.<\/p>\n","protected":false},"featured_media":1939,"comment_status":"open","ping_status":"closed","template":"","meta":{"_lmt_disableupdate":"","_lmt_disable":""},"product_brand":[],"product_cat":[132],"product_tag":[],"class_list":{"0":"post-4025","1":"product","2":"type-product","3":"status-publish","4":"has-post-thumbnail","6":"product_cat-preset-trimpot","8":"first","9":"instock","10":"taxable","11":"shipping-taxable","12":"purchasable","13":"product-type-simple"},"_links":{"self":[{"href":"https:\/\/itv.geekbotelectronics.com\/index.php\/wp-json\/wp\/v2\/product\/4025"}],"collection":[{"href":"https:\/\/itv.geekbotelectronics.com\/index.php\/wp-json\/wp\/v2\/product"}],"about":[{"href":"https:\/\/itv.geekbotelectronics.com\/index.php\/wp-json\/wp\/v2\/types\/product"}],"replies":[{"embeddable":true,"href":"https:\/\/itv.geekbotelectronics.com\/index.php\/wp-json\/wp\/v2\/comments?post=4025"}],"wp:featuredmedia":[{"embeddable":true,"href":"https:\/\/itv.geekbotelectronics.com\/index.php\/wp-json\/wp\/v2\/media\/1939"}],"wp:attachment":[{"href":"https:\/\/itv.geekbotelectronics.com\/index.php\/wp-json\/wp\/v2\/media?parent=4025"}],"wp:term":[{"taxonomy":"product_brand","embeddable":true,"href":"https:\/\/itv.geekbotelectronics.com\/index.php\/wp-json\/wp\/v2\/product_brand?post=4025"},{"taxonomy":"product_cat","embeddable":true,"href":"https:\/\/itv.geekbotelectronics.com\/index.php\/wp-json\/wp\/v2\/product_cat?post=4025"},{"taxonomy":"product_tag","embeddable":true,"href":"https:\/\/itv.geekbotelectronics.com\/index.php\/wp-json\/wp\/v2\/product_tag?post=4025"}],"curies":[{"name":"wp","href":"https:\/\/api.w.org\/{rel}","templated":true}]}}