{"id":4068,"date":"2022-09-05T22:14:33","date_gmt":"2022-09-06T04:14:33","guid":{"rendered":"https:\/\/itv.geekbotelectronics.com\/?post_type=product&#038;p=4068"},"modified":"2025-02-11T15:43:44","modified_gmt":"2025-02-11T21:43:44","slug":"modulo-de-proteccion-para-baterias","status":"publish","type":"product","link":"https:\/\/itv.geekbotelectronics.com\/index.php\/product\/modulo-de-proteccion-para-baterias\/","title":{"rendered":"M\u00f3dulo de protecci\u00f3n para bater\u00edas"},"content":{"rendered":"<p>El m\u00f3dulo de protecci\u00f3n de bater\u00edas se utiliza para bater\u00edas de iones de litio sin funci\u00f3n de equilibrio.<\/p>\n<p>Caracter\u00edsticas:<\/p>\n<ul>\n<li>Circuito de detecci\u00f3n de voltaje de alta precisi\u00f3n.<\/li>\n<li>Terminal del cargador utilizando un dispositivo de alto voltaje.<\/li>\n<li>Circuito de detecci\u00f3n de sobre corriente de tres etapas integrado (sobre corriente 1, sobre corriente 2, cortocircuito de carga).<\/li>\n<li>El transistor MOS puede controlar la carga y el descarga de la bater\u00eda.<\/li>\n<\/ul>\n<p>Especificaciones:<\/p>\n<ul>\n<li>Sobre voltaje de carga: 4.25 +- 0.05V<\/li>\n<li>Sobre voltaje de liberaci\u00f3n de carga: 4.23 +- 0.05V<\/li>\n<li>Sobre voltaje de descarga: 2.54+- 0.1V<\/li>\n<li>Corriente de carga continua m\u00e1xima: 2A<\/li>\n<li>Corriente de descarga continua m\u00e1xima: 2A<\/li>\n<li>Protecci\u00f3n contra la sobretensi\u00f3n: 3A<\/li>\n<li>Dimensiones: 30 mm x 3.7 mm<\/li>\n<\/ul>\n","protected":false},"excerpt":{"rendered":"<p>El m\u00f3dulo de protecci\u00f3n de bater\u00edas se utiliza para bater\u00edas de iones de litio sin funci\u00f3n de equilibrio. Caracter\u00edsticas: Circuito de detecci\u00f3n de voltaje de alta precisi\u00f3n. Terminal del cargador utilizando un dispositivo de alto voltaje. Circuito de detecci\u00f3n de sobre corriente de tres etapas integrado (sobre corriente 1, sobre corriente 2, cortocircuito de carga). [&hellip;]<\/p>\n","protected":false},"featured_media":1981,"comment_status":"open","ping_status":"closed","template":"","meta":{"_lmt_disableupdate":"no","_lmt_disable":""},"product_brand":[],"product_cat":[34,25],"product_tag":[],"class_list":{"0":"post-4068","1":"product","2":"type-product","3":"status-publish","4":"has-post-thumbnail","6":"product_cat-baterias","7":"product_cat-modulos","9":"first","10":"instock","11":"taxable","12":"shipping-taxable","13":"purchasable","14":"product-type-simple"},"_links":{"self":[{"href":"https:\/\/itv.geekbotelectronics.com\/index.php\/wp-json\/wp\/v2\/product\/4068"}],"collection":[{"href":"https:\/\/itv.geekbotelectronics.com\/index.php\/wp-json\/wp\/v2\/product"}],"about":[{"href":"https:\/\/itv.geekbotelectronics.com\/index.php\/wp-json\/wp\/v2\/types\/product"}],"replies":[{"embeddable":true,"href":"https:\/\/itv.geekbotelectronics.com\/index.php\/wp-json\/wp\/v2\/comments?post=4068"}],"wp:featuredmedia":[{"embeddable":true,"href":"https:\/\/itv.geekbotelectronics.com\/index.php\/wp-json\/wp\/v2\/media\/1981"}],"wp:attachment":[{"href":"https:\/\/itv.geekbotelectronics.com\/index.php\/wp-json\/wp\/v2\/media?parent=4068"}],"wp:term":[{"taxonomy":"product_brand","embeddable":true,"href":"https:\/\/itv.geekbotelectronics.com\/index.php\/wp-json\/wp\/v2\/product_brand?post=4068"},{"taxonomy":"product_cat","embeddable":true,"href":"https:\/\/itv.geekbotelectronics.com\/index.php\/wp-json\/wp\/v2\/product_cat?post=4068"},{"taxonomy":"product_tag","embeddable":true,"href":"https:\/\/itv.geekbotelectronics.com\/index.php\/wp-json\/wp\/v2\/product_tag?post=4068"}],"curies":[{"name":"wp","href":"https:\/\/api.w.org\/{rel}","templated":true}]}}