{"id":4127,"date":"2022-09-05T22:14:52","date_gmt":"2022-09-06T04:14:52","guid":{"rendered":"https:\/\/itv.geekbotelectronics.com\/?post_type=product&#038;p=4127"},"modified":"2025-03-14T13:19:53","modified_gmt":"2025-03-14T19:19:53","slug":"punta-de-prueba-con-gancho-amarillo","status":"publish","type":"product","link":"https:\/\/itv.geekbotelectronics.com\/index.php\/product\/punta-de-prueba-con-gancho-amarillo\/","title":{"rendered":"Punta de prueba con Gancho Amarillo"},"content":{"rendered":"<h3>Punta de prueba con Gancho Amarillo<\/h3>\n<h4>Descripci\u00f3n:<\/h4>\n<p>Fabricado con pl\u00e1stico ABS de alta calidad.<br \/>\nPrecisi\u00f3n durante la prueba.<\/p>\n<p>Herramienta ideal para verificar circuitos integrados y electr\u00f3nica.<\/p>\n<h4>Especificaciones:<\/h4>\n<p>Nombre del producto: Punta de prueba con Gancho<br \/>\nMaterial: pl\u00e1stico ABS<br \/>\nColor principal: Amarillo<br \/>\nLongitud total: 58 mm<br \/>\nDi\u00e1metro del bot\u00f3n (m\u00e1x.): 12 mm<br \/>\nLongitud del gancho: 4,0 mm<br \/>\nCaracter\u00edsticas: Soldable<\/p>\n","protected":false},"excerpt":{"rendered":"<p>Punta de prueba con Gancho Amarillo Descripci\u00f3n: Fabricado con pl\u00e1stico ABS de alta calidad. Precisi\u00f3n durante la prueba. Herramienta ideal para verificar circuitos integrados y electr\u00f3nica. Especificaciones: Nombre del producto: Punta de prueba con Gancho Material: pl\u00e1stico ABS Color principal: Amarillo Longitud total: 58 mm Di\u00e1metro del bot\u00f3n (m\u00e1x.): 12 mm Longitud del gancho: 4,0 [&hellip;]<\/p>\n","protected":false},"featured_media":2091,"comment_status":"open","ping_status":"closed","template":"","meta":{"_lmt_disableupdate":"no","_lmt_disable":""},"product_brand":[],"product_cat":[105],"product_tag":[],"class_list":{"0":"post-4127","1":"product","2":"type-product","3":"status-publish","4":"has-post-thumbnail","6":"product_cat-medicion","8":"first","9":"instock","10":"taxable","11":"shipping-taxable","12":"purchasable","13":"product-type-simple"},"_links":{"self":[{"href":"https:\/\/itv.geekbotelectronics.com\/index.php\/wp-json\/wp\/v2\/product\/4127"}],"collection":[{"href":"https:\/\/itv.geekbotelectronics.com\/index.php\/wp-json\/wp\/v2\/product"}],"about":[{"href":"https:\/\/itv.geekbotelectronics.com\/index.php\/wp-json\/wp\/v2\/types\/product"}],"replies":[{"embeddable":true,"href":"https:\/\/itv.geekbotelectronics.com\/index.php\/wp-json\/wp\/v2\/comments?post=4127"}],"wp:featuredmedia":[{"embeddable":true,"href":"https:\/\/itv.geekbotelectronics.com\/index.php\/wp-json\/wp\/v2\/media\/2091"}],"wp:attachment":[{"href":"https:\/\/itv.geekbotelectronics.com\/index.php\/wp-json\/wp\/v2\/media?parent=4127"}],"wp:term":[{"taxonomy":"product_brand","embeddable":true,"href":"https:\/\/itv.geekbotelectronics.com\/index.php\/wp-json\/wp\/v2\/product_brand?post=4127"},{"taxonomy":"product_cat","embeddable":true,"href":"https:\/\/itv.geekbotelectronics.com\/index.php\/wp-json\/wp\/v2\/product_cat?post=4127"},{"taxonomy":"product_tag","embeddable":true,"href":"https:\/\/itv.geekbotelectronics.com\/index.php\/wp-json\/wp\/v2\/product_tag?post=4127"}],"curies":[{"name":"wp","href":"https:\/\/api.w.org\/{rel}","templated":true}]}}