{"id":4145,"date":"2022-09-05T22:14:54","date_gmt":"2022-09-06T04:14:54","guid":{"rendered":"https:\/\/itv.geekbotelectronics.com\/?post_type=product&#038;p=4145"},"modified":"2025-06-02T12:44:58","modified_gmt":"2025-06-02T18:44:58","slug":"antena-gsm-gprs-3g-ipex","status":"publish","type":"product","link":"https:\/\/itv.geekbotelectronics.com\/index.php\/product\/antena-gsm-gprs-3g-ipex\/","title":{"rendered":"Antena GSM GPRS 3G IPEX"},"content":{"rendered":"<div class=\"row\">\n<p class=\"col-md-9\">Esta antena de PCB de banda ancha incorporada con un buen rendimiento de ganancia m\u00e1xima. La banda ancha permite un plan de migraci\u00f3n de una tecnolog\u00eda a otra; 2G a 3G a 4G, o simplemente la opci\u00f3n de seleccionar una tecnolog\u00eda seg\u00fan el uso.<\/p>\n<p class=\"col-md-9\">Normalmente se suministra con un conector uFL \/ IPEX y un cable corto.<\/p>\n<p class=\"col-md-9\">Fabricado en PCB de fibra de vidrio con excelente resistencia y bajo peso.<\/p>\n<\/div>\n<div class=\"row\">\n<div class=\"col-md-3\">\n<h4>Especificaciones<\/h4>\n<\/div>\n<div class=\"col-md-9\">\n<ul>\n<li>Ganancia: 2 dBi<\/li>\n<li>VSWR: 2.0:1<\/li>\n<li>Bandas de frecuencia: 690 &#8211; 960 MHz, 1710 &#8211; 2700 MHz<\/li>\n<li>Impedancia: 50 Ohms<\/li>\n<li>Polarizaci\u00f3n: Linear<\/li>\n<li>Conector: Tipo IPEX<\/li>\n<li>Temperatura de operaci\u00f3n: -30\u00b0 a + 75 \u00baC<\/li>\n<li>Dimensiones: 32mm x 8mm x 0.5 mm<\/li>\n<\/ul>\n<\/div>\n<\/div>\n","protected":false},"excerpt":{"rendered":"<p>Esta antena de PCB de banda ancha incorporada con un buen rendimiento de ganancia m\u00e1xima. La banda ancha permite un plan de migraci\u00f3n de una tecnolog\u00eda a otra; 2G a 3G a 4G, o simplemente la opci\u00f3n de seleccionar una tecnolog\u00eda seg\u00fan el uso. Normalmente se suministra con un conector uFL \/ IPEX y un [&hellip;]<\/p>\n","protected":false},"featured_media":2129,"comment_status":"open","ping_status":"closed","template":"","meta":{"_lmt_disableupdate":"","_lmt_disable":""},"product_brand":[],"product_cat":[202],"product_tag":[],"class_list":{"0":"post-4145","1":"product","2":"type-product","3":"status-publish","4":"has-post-thumbnail","6":"product_cat-antenas","8":"first","9":"outofstock","10":"taxable","11":"shipping-taxable","12":"product-type-simple"},"_links":{"self":[{"href":"https:\/\/itv.geekbotelectronics.com\/index.php\/wp-json\/wp\/v2\/product\/4145"}],"collection":[{"href":"https:\/\/itv.geekbotelectronics.com\/index.php\/wp-json\/wp\/v2\/product"}],"about":[{"href":"https:\/\/itv.geekbotelectronics.com\/index.php\/wp-json\/wp\/v2\/types\/product"}],"replies":[{"embeddable":true,"href":"https:\/\/itv.geekbotelectronics.com\/index.php\/wp-json\/wp\/v2\/comments?post=4145"}],"wp:featuredmedia":[{"embeddable":true,"href":"https:\/\/itv.geekbotelectronics.com\/index.php\/wp-json\/wp\/v2\/media\/2129"}],"wp:attachment":[{"href":"https:\/\/itv.geekbotelectronics.com\/index.php\/wp-json\/wp\/v2\/media?parent=4145"}],"wp:term":[{"taxonomy":"product_brand","embeddable":true,"href":"https:\/\/itv.geekbotelectronics.com\/index.php\/wp-json\/wp\/v2\/product_brand?post=4145"},{"taxonomy":"product_cat","embeddable":true,"href":"https:\/\/itv.geekbotelectronics.com\/index.php\/wp-json\/wp\/v2\/product_cat?post=4145"},{"taxonomy":"product_tag","embeddable":true,"href":"https:\/\/itv.geekbotelectronics.com\/index.php\/wp-json\/wp\/v2\/product_tag?post=4145"}],"curies":[{"name":"wp","href":"https:\/\/api.w.org\/{rel}","templated":true}]}}