{"id":4147,"date":"2022-09-05T22:15:00","date_gmt":"2022-09-06T04:15:00","guid":{"rendered":"https:\/\/itv.geekbotelectronics.com\/?post_type=product&#038;p=4147"},"modified":"2023-06-12T02:11:38","modified_gmt":"2023-06-12T08:11:38","slug":"disipador-de-calor-para-impresora-3d","status":"publish","type":"product","link":"https:\/\/itv.geekbotelectronics.com\/index.php\/product\/disipador-de-calor-para-impresora-3d\/","title":{"rendered":"Disipador de Calor para Impresora 3D"},"content":{"rendered":"<h3>Disipador de Calor para Impresora 3D<\/h3>\n<p>De aluminio de alto rendimiento t\u00e9rmico.<\/p>\n<p>Los Disipadores de calor de aluminio son \u00fatiles para proteger a los componentes electr\u00f3nicos, manteniendo temperaturas de operaci\u00f3n adecuadas para el funcionamiento de tus proyectos.<\/p>\n<p>&#8211; Medidas: 40 mm x 40 mm x 11 mm<\/p>\n<p>-Centro: 12mm<\/p>\n","protected":false},"excerpt":{"rendered":"<p>Disipador de Calor para Impresora 3D De aluminio de alto rendimiento t\u00e9rmico. Los Disipadores de calor de aluminio son \u00fatiles para proteger a los componentes electr\u00f3nicos, manteniendo temperaturas de operaci\u00f3n adecuadas para el funcionamiento de tus proyectos. &#8211; Medidas: 40 mm x 40 mm x 11 mm -Centro: 12mm<\/p>\n","protected":false},"featured_media":2131,"comment_status":"closed","ping_status":"closed","template":"","meta":{"_lmt_disableupdate":"no","_lmt_disable":""},"product_brand":[],"product_cat":[148],"product_tag":[203],"class_list":{"0":"post-4147","1":"product","2":"type-product","3":"status-publish","4":"has-post-thumbnail","6":"product_cat-disipadores-de-calor","7":"product_tag-mk8","9":"first","10":"outofstock","11":"taxable","12":"shipping-taxable","13":"purchasable","14":"product-type-simple"},"_links":{"self":[{"href":"https:\/\/itv.geekbotelectronics.com\/index.php\/wp-json\/wp\/v2\/product\/4147"}],"collection":[{"href":"https:\/\/itv.geekbotelectronics.com\/index.php\/wp-json\/wp\/v2\/product"}],"about":[{"href":"https:\/\/itv.geekbotelectronics.com\/index.php\/wp-json\/wp\/v2\/types\/product"}],"replies":[{"embeddable":true,"href":"https:\/\/itv.geekbotelectronics.com\/index.php\/wp-json\/wp\/v2\/comments?post=4147"}],"wp:featuredmedia":[{"embeddable":true,"href":"https:\/\/itv.geekbotelectronics.com\/index.php\/wp-json\/wp\/v2\/media\/2131"}],"wp:attachment":[{"href":"https:\/\/itv.geekbotelectronics.com\/index.php\/wp-json\/wp\/v2\/media?parent=4147"}],"wp:term":[{"taxonomy":"product_brand","embeddable":true,"href":"https:\/\/itv.geekbotelectronics.com\/index.php\/wp-json\/wp\/v2\/product_brand?post=4147"},{"taxonomy":"product_cat","embeddable":true,"href":"https:\/\/itv.geekbotelectronics.com\/index.php\/wp-json\/wp\/v2\/product_cat?post=4147"},{"taxonomy":"product_tag","embeddable":true,"href":"https:\/\/itv.geekbotelectronics.com\/index.php\/wp-json\/wp\/v2\/product_tag?post=4147"}],"curies":[{"name":"wp","href":"https:\/\/api.w.org\/{rel}","templated":true}]}}