{"id":4152,"date":"2022-09-05T22:15:00","date_gmt":"2022-09-06T04:15:00","guid":{"rendered":"https:\/\/itv.geekbotelectronics.com\/?post_type=product&#038;p=4152"},"modified":"2025-09-12T11:55:35","modified_gmt":"2025-09-12T17:55:35","slug":"led-3w-ultravioleta","status":"publish","type":"product","link":"https:\/\/itv.geekbotelectronics.com\/index.php\/product\/led-3w-ultravioleta\/","title":{"rendered":"LED 3W Ultravioleta"},"content":{"rendered":"<h4 style=\"text-align: justify\">LED 3W Ultravioleta<\/h4>\n<p style=\"text-align: justify\"><span style=\"color: #000000\">La tecnolog\u00eda conocida como LED tambi\u00e9n conocida como diodo emisor de luz\u00a0consiste b\u00e1sicamente en un material semiconductor que es capaz de emitir una radiaci\u00f3n electromagn\u00e9tica en forma de Luz.\u00a0\u00a0Es un\u00a0<a style=\"color: #000000\" title=\"Componente electr\u00f3nico\" href=\"https:\/\/es.wikipedia.org\/wiki\/Componente_electr%C3%B3nico#Clasificaci.C3.B3n\">componente optoelectr\u00f3nico<\/a> <a style=\"color: #000000\" title=\"Pasividad (electr\u00f3nica)\" href=\"https:\/\/es.wikipedia.org\/wiki\/Pasividad_(electr%C3%B3nica)\">pasivo<\/a>.<\/span><\/p>\n<p><span style=\"color: #000000\">Su aplicaci\u00f3n est\u00e1 extendida a una gran cantidad de tecnolog\u00edas, siendo generalmente utilizados para su funci\u00f3n primitiva de iluminaci\u00f3n y siendo un perfecto indicador debido a su baja necesidad de energ\u00eda el\u00e9ctrica y su alta perdurabilidad, introduci\u00e9ndose inicialmente como un peque\u00f1o punto luminoso de color rojo con una baja intensidad lum\u00ednica.<\/span><\/p>\n<p style=\"text-align: justify\"><span style=\"color: #000000\">Su funcionamiento est\u00e1 basado en el efecto de la Electro-Luminiscencia, en la cual mediante una estimulaci\u00f3n directa de polarizaci\u00f3n permite a este dispositivo liberar energ\u00eda en forma de un fot\u00f3n, cuyo color est\u00e1 determinado por la banda de energ\u00eda que haya sido estimulada.<\/span><\/p>\n<p><span style=\"color: #000000\">Adem\u00e1s de brindar un menor consumo energ\u00e9tico, las Luces\u00a0led tienen un ciclo prolongado de vida, ocupan un menor tama\u00f1o, requieren de menos componentes, no emiten una alta cantidad de calor y tampoco generan un campo magn\u00e9tico que puede ser nociva en altas cantidades hacia el ser humano, entre otros beneficios.<\/span><\/p>\n","protected":false},"excerpt":{"rendered":"<p><strong>Especificaciones<\/strong><\/p>\n<p>Di\u00e1metro: 8 mm<br \/>\nVoltaje (V): 3.0 ~ 3.8<br \/>\nValoraci\u00f3n de vida: 100.000 horas<br \/>\n\u00c1ngulo de visi\u00f3n: \u00b1 140 \u00b0<br \/>\nMax Corriente continua: 650ma<br \/>\nTensi\u00f3n inversa: 5 ~ 6V<\/p>\n","protected":false},"featured_media":1343,"comment_status":"closed","ping_status":"closed","template":"","meta":{"_lmt_disableupdate":"","_lmt_disable":""},"product_brand":[],"product_cat":[179],"product_tag":[],"class_list":{"0":"post-4152","1":"product","2":"type-product","3":"status-publish","4":"has-post-thumbnail","6":"product_cat-iluminacion","8":"first","9":"outofstock","10":"taxable","11":"shipping-taxable","12":"purchasable","13":"product-type-simple"},"_links":{"self":[{"href":"https:\/\/itv.geekbotelectronics.com\/index.php\/wp-json\/wp\/v2\/product\/4152"}],"collection":[{"href":"https:\/\/itv.geekbotelectronics.com\/index.php\/wp-json\/wp\/v2\/product"}],"about":[{"href":"https:\/\/itv.geekbotelectronics.com\/index.php\/wp-json\/wp\/v2\/types\/product"}],"replies":[{"embeddable":true,"href":"https:\/\/itv.geekbotelectronics.com\/index.php\/wp-json\/wp\/v2\/comments?post=4152"}],"wp:featuredmedia":[{"embeddable":true,"href":"https:\/\/itv.geekbotelectronics.com\/index.php\/wp-json\/wp\/v2\/media\/1343"}],"wp:attachment":[{"href":"https:\/\/itv.geekbotelectronics.com\/index.php\/wp-json\/wp\/v2\/media?parent=4152"}],"wp:term":[{"taxonomy":"product_brand","embeddable":true,"href":"https:\/\/itv.geekbotelectronics.com\/index.php\/wp-json\/wp\/v2\/product_brand?post=4152"},{"taxonomy":"product_cat","embeddable":true,"href":"https:\/\/itv.geekbotelectronics.com\/index.php\/wp-json\/wp\/v2\/product_cat?post=4152"},{"taxonomy":"product_tag","embeddable":true,"href":"https:\/\/itv.geekbotelectronics.com\/index.php\/wp-json\/wp\/v2\/product_tag?post=4152"}],"curies":[{"name":"wp","href":"https:\/\/api.w.org\/{rel}","templated":true}]}}