{"id":4156,"date":"2022-09-05T22:15:01","date_gmt":"2022-09-06T04:15:01","guid":{"rendered":"https:\/\/itv.geekbotelectronics.com\/?post_type=product&#038;p=4156"},"modified":"2023-09-08T17:15:18","modified_gmt":"2023-09-08T23:15:18","slug":"cople-flexible-d20l25","status":"publish","type":"product","link":"https:\/\/itv.geekbotelectronics.com\/index.php\/product\/cople-flexible-d20l25\/","title":{"rendered":"Cople Flexible D20L25"},"content":{"rendered":"<div class=\"x-el x-el-div c2-1 c2-2 c2-g c2-27 c2-28 c2-29 c2-2a c2-2b c2-2c c2-2d c2-3 c2-4 c2-2e c2-2f c2-2g c2-2h c2-5 c2-6 c2-7 c2-8\" data-ux=\"Grid\">\n<div class=\"x-el x-el-div c2-1 c2-2 c2-27 c2-2i c2-2j c2-2k c2-14 c2-2l c2-2m c2-2n c2-2o c2-3 c2-4 c2-2q c2-2r c2-2s c2-2t c2-2u c2-2v c2-5 c2-6 c2-7 c2-8\" data-ux=\"GridCell\">\n<div class=\"x-el x-el-div c2-1 c2-2 c2-3 c2-4 c2-5 c2-6 c2-7 c2-8\" data-ux=\"Block\">\n<div class=\"x-el c2-1 c2-2 c2-1g c2-1h c2-3j c2-2a c2-3k c2-3 c2-4l c2-4 c2-3d c2-5 c2-6 c2-7 c2-8 x-rt\" data-ux=\"Text\" data-aid=\"PRODUCT_DESCRIPTION_RENDERED\" data-typography=\"BodyAlpha\">\n<p>Cople Flexible D20L25 de Aluminio<\/p>\n<h4>Especificaciones<\/h4>\n<p>Di\u00e1metro interior: 4mm<\/p>\n<p>Di\u00e1metro Superior: 6.35mm<\/p>\n<p>Longitud: 25mm<\/p>\n<p>Di\u00e1metro Total: 20mm<\/p>\n<p>Material de La Manga: poliuretano<\/p>\n<p>Material del cuerpo: aleaci\u00f3n de aluminio<\/p>\n<\/div>\n<\/div>\n<\/div>\n<\/div>\n<div class=\"x-el x-el-div c2-1 c2-2 c2-g c2-27 c2-28 c2-29 c2-2a c2-2b c2-2c c2-2d c2-3 c2-4 c2-2e c2-2f c2-2g c2-2h c2-5 c2-6 c2-7 c2-8\" data-ux=\"Grid\"><\/div>\n","protected":false},"excerpt":{"rendered":"<p>Cople Flexible D20L25 de Aluminio Especificaciones Di\u00e1metro interior: 4mm Di\u00e1metro Superior: 6.35mm Longitud: 25mm Di\u00e1metro Total: 20mm Material de La Manga: poliuretano Material del cuerpo: aleaci\u00f3n de aluminio<\/p>\n","protected":false},"featured_media":2138,"comment_status":"open","ping_status":"closed","template":"","meta":{"_lmt_disableupdate":"","_lmt_disable":""},"product_brand":[],"product_cat":[143,131],"product_tag":[205,206],"class_list":{"0":"post-4156","1":"product","2":"type-product","3":"status-publish","4":"has-post-thumbnail","6":"product_cat-motor-a-pasos","7":"product_cat-soportes","8":"product_tag-cnc","9":"product_tag-d20l25","11":"first","12":"outofstock","13":"taxable","14":"shipping-taxable","15":"product-type-simple"},"_links":{"self":[{"href":"https:\/\/itv.geekbotelectronics.com\/index.php\/wp-json\/wp\/v2\/product\/4156"}],"collection":[{"href":"https:\/\/itv.geekbotelectronics.com\/index.php\/wp-json\/wp\/v2\/product"}],"about":[{"href":"https:\/\/itv.geekbotelectronics.com\/index.php\/wp-json\/wp\/v2\/types\/product"}],"replies":[{"embeddable":true,"href":"https:\/\/itv.geekbotelectronics.com\/index.php\/wp-json\/wp\/v2\/comments?post=4156"}],"wp:featuredmedia":[{"embeddable":true,"href":"https:\/\/itv.geekbotelectronics.com\/index.php\/wp-json\/wp\/v2\/media\/2138"}],"wp:attachment":[{"href":"https:\/\/itv.geekbotelectronics.com\/index.php\/wp-json\/wp\/v2\/media?parent=4156"}],"wp:term":[{"taxonomy":"product_brand","embeddable":true,"href":"https:\/\/itv.geekbotelectronics.com\/index.php\/wp-json\/wp\/v2\/product_brand?post=4156"},{"taxonomy":"product_cat","embeddable":true,"href":"https:\/\/itv.geekbotelectronics.com\/index.php\/wp-json\/wp\/v2\/product_cat?post=4156"},{"taxonomy":"product_tag","embeddable":true,"href":"https:\/\/itv.geekbotelectronics.com\/index.php\/wp-json\/wp\/v2\/product_tag?post=4156"}],"curies":[{"name":"wp","href":"https:\/\/api.w.org\/{rel}","templated":true}]}}