{"id":4158,"date":"2022-09-05T22:15:01","date_gmt":"2022-09-06T04:15:01","guid":{"rendered":"https:\/\/itv.geekbotelectronics.com\/?post_type=product&#038;p=4158"},"modified":"2023-09-08T17:15:18","modified_gmt":"2023-09-08T23:15:18","slug":"guia-lineal-mgw12c","status":"publish","type":"product","link":"https:\/\/itv.geekbotelectronics.com\/index.php\/product\/guia-lineal-mgw12c\/","title":{"rendered":"Gu\u00eda Lineal MGW12C"},"content":{"rendered":"<h4>Caracter\u00edsticas<\/h4>\n<p>Este tipo, tiene un ra\u00edl y un pat\u00edn m\u00e1s ancho y m\u00e1s largo para poder soportar mayores cargas y momentos de carga:<br \/>\n1. Peque\u00f1a y ligera de peso.<br \/>\n2. El acero tanto del pat\u00edn como del ra\u00edl, es un acero resistente a la oxidaci\u00f3n. Esto incluye tambi\u00e9n las bolas, y el retenedor. Apropiada para aplicaciones que requieran componentes anticorrosivos.<br \/>\n3. Versi\u00f3n con todos sus componentes met\u00e1licos en acero inoxidable disponible.<br \/>\n4. Dise\u00f1ada con el principio de arco circular, lo cual le permite soportar cargas en direcci\u00f3n radial, radial inversa y<br \/>\nlateral, mayor rigidez y alto grado de precisi\u00f3n, con un movimiento suave.<\/p>\n<p>Las Series MGN\/ MGW pueden utilizarse en diversas aplicaciones, tales como: robots, dispositivos de ensayo, equipos de medici\u00f3n, aparatos para medicina y de laboratorio.<\/p>\n","protected":false},"excerpt":{"rendered":"<p>Caracter\u00edsticas Este tipo, tiene un ra\u00edl y un pat\u00edn m\u00e1s ancho y m\u00e1s largo para poder soportar mayores cargas y momentos de carga: 1. Peque\u00f1a y ligera de peso. 2. El acero tanto del pat\u00edn como del ra\u00edl, es un acero resistente a la oxidaci\u00f3n. Esto incluye tambi\u00e9n las bolas, y el retenedor. Apropiada para [&hellip;]<\/p>\n","protected":false},"featured_media":2139,"comment_status":"open","ping_status":"closed","template":"","meta":{"_lmt_disableupdate":"","_lmt_disable":""},"product_brand":[],"product_cat":[207],"product_tag":[],"class_list":{"0":"post-4158","1":"product","2":"type-product","3":"status-publish","4":"has-post-thumbnail","6":"product_cat-cnc","8":"first","9":"outofstock","10":"taxable","11":"shipping-taxable","12":"product-type-simple"},"_links":{"self":[{"href":"https:\/\/itv.geekbotelectronics.com\/index.php\/wp-json\/wp\/v2\/product\/4158"}],"collection":[{"href":"https:\/\/itv.geekbotelectronics.com\/index.php\/wp-json\/wp\/v2\/product"}],"about":[{"href":"https:\/\/itv.geekbotelectronics.com\/index.php\/wp-json\/wp\/v2\/types\/product"}],"replies":[{"embeddable":true,"href":"https:\/\/itv.geekbotelectronics.com\/index.php\/wp-json\/wp\/v2\/comments?post=4158"}],"wp:featuredmedia":[{"embeddable":true,"href":"https:\/\/itv.geekbotelectronics.com\/index.php\/wp-json\/wp\/v2\/media\/2139"}],"wp:attachment":[{"href":"https:\/\/itv.geekbotelectronics.com\/index.php\/wp-json\/wp\/v2\/media?parent=4158"}],"wp:term":[{"taxonomy":"product_brand","embeddable":true,"href":"https:\/\/itv.geekbotelectronics.com\/index.php\/wp-json\/wp\/v2\/product_brand?post=4158"},{"taxonomy":"product_cat","embeddable":true,"href":"https:\/\/itv.geekbotelectronics.com\/index.php\/wp-json\/wp\/v2\/product_cat?post=4158"},{"taxonomy":"product_tag","embeddable":true,"href":"https:\/\/itv.geekbotelectronics.com\/index.php\/wp-json\/wp\/v2\/product_tag?post=4158"}],"curies":[{"name":"wp","href":"https:\/\/api.w.org\/{rel}","templated":true}]}}