{"id":4252,"date":"2022-09-05T22:15:25","date_gmt":"2022-09-06T04:15:25","guid":{"rendered":"https:\/\/itv.geekbotelectronics.com\/?post_type=product&#038;p=4252"},"modified":"2023-09-08T17:15:21","modified_gmt":"2023-09-08T23:15:21","slug":"mad1108p-array-de-diodos","status":"publish","type":"product","link":"https:\/\/itv.geekbotelectronics.com\/index.php\/product\/mad1108p-array-de-diodos\/","title":{"rendered":"MAD1108P Array de Diodos"},"content":{"rendered":"<h3>MAD1108P Array de Diodos<\/h3>\n<p>Modelo: MAD1108P<br \/>\nFabricante: Motorola<br \/>\nDescripci\u00f3n: Array de diodos monol\u00edticos. Conmutaci\u00f3n r\u00e1pida \/ de alta corriente.<br \/>\nEstado sin plomo \/ estado RoHS: sin plomo \/ compatible con RoHS<\/p>\n<p><a href=\"https:\/\/geekbotelectronics.com\/wp-content\/uploads\/2021\/10\/MAD1108P.pdf\">Datasheet<\/a><\/p>\n<p>&nbsp;<\/p>\n","protected":false},"excerpt":{"rendered":"<p>MAD1108P Array de Diodos Modelo: MAD1108P Fabricante: Motorola Descripci\u00f3n: Array de diodos monol\u00edticos. Conmutaci\u00f3n r\u00e1pida \/ de alta corriente. Estado sin plomo \/ estado RoHS: sin plomo \/ compatible con RoHS Datasheet &nbsp;<\/p>\n","protected":false},"featured_media":2253,"comment_status":"open","ping_status":"closed","template":"","meta":{"_lmt_disableupdate":"","_lmt_disable":""},"product_brand":[],"product_cat":[41],"product_tag":[],"class_list":{"0":"post-4252","1":"product","2":"type-product","3":"status-publish","4":"has-post-thumbnail","6":"product_cat-diodos-varios","8":"first","9":"outofstock","10":"taxable","11":"shipping-taxable","12":"purchasable","13":"product-type-simple"},"_links":{"self":[{"href":"https:\/\/itv.geekbotelectronics.com\/index.php\/wp-json\/wp\/v2\/product\/4252"}],"collection":[{"href":"https:\/\/itv.geekbotelectronics.com\/index.php\/wp-json\/wp\/v2\/product"}],"about":[{"href":"https:\/\/itv.geekbotelectronics.com\/index.php\/wp-json\/wp\/v2\/types\/product"}],"replies":[{"embeddable":true,"href":"https:\/\/itv.geekbotelectronics.com\/index.php\/wp-json\/wp\/v2\/comments?post=4252"}],"wp:featuredmedia":[{"embeddable":true,"href":"https:\/\/itv.geekbotelectronics.com\/index.php\/wp-json\/wp\/v2\/media\/2253"}],"wp:attachment":[{"href":"https:\/\/itv.geekbotelectronics.com\/index.php\/wp-json\/wp\/v2\/media?parent=4252"}],"wp:term":[{"taxonomy":"product_brand","embeddable":true,"href":"https:\/\/itv.geekbotelectronics.com\/index.php\/wp-json\/wp\/v2\/product_brand?post=4252"},{"taxonomy":"product_cat","embeddable":true,"href":"https:\/\/itv.geekbotelectronics.com\/index.php\/wp-json\/wp\/v2\/product_cat?post=4252"},{"taxonomy":"product_tag","embeddable":true,"href":"https:\/\/itv.geekbotelectronics.com\/index.php\/wp-json\/wp\/v2\/product_tag?post=4252"}],"curies":[{"name":"wp","href":"https:\/\/api.w.org\/{rel}","templated":true}]}}