{"id":4256,"date":"2022-09-05T22:15:25","date_gmt":"2022-09-06T04:15:25","guid":{"rendered":"https:\/\/itv.geekbotelectronics.com\/?post_type=product&#038;p=4256"},"modified":"2023-09-08T17:15:21","modified_gmt":"2023-09-08T23:15:21","slug":"sensor-ocn1-0802p-a3s2-proximidad-inductivo","status":"publish","type":"product","link":"https:\/\/itv.geekbotelectronics.com\/index.php\/product\/sensor-ocn1-0802p-a3s2-proximidad-inductivo\/","title":{"rendered":"Sensor OCN1-0802P-A3S2 Proximidad Inductivo"},"content":{"rendered":"<h3>Sensor OCN1-0802P-A3S2 Proximidad Inductivo<\/h3>\n<p>Sensor HTM OCN1-0802P-A3S2 de proximidad inductivo M8 con distancia de detecci\u00f3n de 2 mm, carcasa blindada de acero inoxidable SUS303 con cara de pl\u00e1stico PBT Cuerpo corto (40 mm) con caras planas, cilindro de alto par de torsi\u00f3n, salida PNP, normalmente abierto, 10 ~ 30 V CC, Cable 2M precableado, protegido contra cortocircuitos, protegido contra polaridad inversa, clasificaci\u00f3n IP67.<\/p>\n<h4>Especificaciones:<\/h4>\n<ul>\n<li class=\"item-spec-line\"><label class=\"item-spec-label\"><span>Longitud corporal: <\/span><\/label>40 mm<\/li>\n<li class=\"item-spec-line\"><label class=\"item-spec-label\"><span>Conexi\u00f3n: <\/span><\/label>Conexi\u00f3n de cable con tres cables precableados<\/li>\n<li class=\"item-spec-line\"><label class=\"item-spec-label\"><span>Conector: <\/span><\/label>Cable<\/li>\n<li class=\"item-spec-line\"><label class=\"item-spec-label\"><span>Corriente: <\/span><\/label>10 mA<\/li>\n<li class=\"item-spec-line\"><label class=\"item-spec-label\"><span>Di\u00e1metro: <\/span><\/label>8 mm roscado<\/li>\n<li class=\"item-spec-line\"><label class=\"item-spec-label\"><span>Clasificaci\u00f3n EMC: <\/span><\/label>RFI&gt; 3V \/ m \/ EFT&gt; 1kV \/ ESD&gt; 4Kv (contacto)<\/li>\n<li class=\"item-spec-line\"><label class=\"item-spec-label\"><span>Material de la carcasa: <\/span><\/label>Acero inoxidable SUS303<\/li>\n<li class=\"item-spec-line\"><label class=\"item-spec-label\"><span>Clasificaci\u00f3n del IP: <\/span><\/label>IP67<\/li>\n<li class=\"item-spec-line\"><label class=\"item-spec-label\"><span>Corriente de fuga: <\/span><\/label>Menos de 0,01 mA<\/li>\n<li class=\"item-spec-line\"><label class=\"item-spec-label\"><span>Corriente m\u00e1xima: <\/span><\/label>200 mA<\/li>\n<li class=\"item-spec-line\"><label class=\"item-spec-label\"><span>Estilo de montaje: <\/span><\/label>Blindado<\/li>\n<li class=\"item-spec-line\"><label class=\"item-spec-label\"><span>Temperatura de funcionamiento: <\/span><\/label>-13 F a 158 F (-25 C a 70 C)<\/li>\n<li class=\"item-spec-line\"><label class=\"item-spec-label\"><span>Tensi\u00f3n de funcionamiento: <\/span><\/label>10 a 30 VCC<\/li>\n<li class=\"item-spec-line\"><label class=\"item-spec-label\"><span>Funci\u00f3n de salida: <\/span><\/label>Normalmente abierto<\/li>\n<li class=\"item-spec-line\"><label class=\"item-spec-label\"><span>Tipo de salida: <\/span><\/label>PNP<\/li>\n<li class=\"item-spec-line\"><label class=\"item-spec-label\"><span>Punto de disparo de sobrecarga: <\/span><\/label>220 mA<\/li>\n<li class=\"item-spec-line\"><label class=\"item-spec-label\"><span>Tiempo de respuesta: <\/span><\/label>0,1 ms \/ 0,1 ms<\/li>\n<li class=\"item-spec-line\"><label class=\"item-spec-label\"><span>Protecci\u00f3n contra polaridad inversa: <\/span><\/label>s\u00ed<\/li>\n<li class=\"item-spec-line\"><label class=\"item-spec-label\"><span>Material de la cara sensible: <\/span><\/label>Pl\u00e1stico PBT<\/li>\n<li class=\"item-spec-line\"><label class=\"item-spec-label\"><span>Rango de detecci\u00f3n: <\/span><\/label>2 mm<\/li>\n<li class=\"item-spec-line\"><label class=\"item-spec-label\"><span>Tipo de detecci\u00f3n: <\/span><\/label>Sensores de uso general de rango extendido<\/li>\n<li class=\"item-spec-line\"><label class=\"item-spec-label\"><span>Forma del sensor: <\/span><\/label>Cil\u00edndrico<\/li>\n<li class=\"item-spec-line\"><label class=\"item-spec-label\"><span>Clasificaci\u00f3n de impacto: <\/span><\/label>IEC 60497-5-2, Parte 7.4.1 y 7.4.2<\/li>\n<li class=\"item-spec-line\"><label class=\"item-spec-label\"><span>Protecci\u00f3n de Cortocircuito: <\/span><\/label>s\u00ed<\/li>\n<li class=\"item-spec-line\"><label class=\"item-spec-label\"><span>Protecci\u00f3n contra salpicaduras: <\/span><\/label>No<\/li>\n<li class=\"item-spec-line\"><label class=\"item-spec-label\"><span>Frecuencia de cambio: <\/span><\/label>2 KHz<\/li>\n<\/ul>\n<p><a href=\"https:\/\/geekbotelectronics.com\/wp-content\/uploads\/2021\/10\/Sensor-OCN1-0802P-A3S2.pdf\">Datasheet<\/a><\/p>\n","protected":false},"excerpt":{"rendered":"<p>Sensor OCN1-0802P-A3S2 Proximidad Inductivo Sensor HTM OCN1-0802P-A3S2 de proximidad inductivo M8 con distancia de detecci\u00f3n de 2 mm, carcasa blindada de acero inoxidable SUS303 con cara de pl\u00e1stico PBT Cuerpo corto (40 mm) con caras planas, cilindro de alto par de torsi\u00f3n, salida PNP, normalmente abierto, 10 ~ 30 V CC, Cable 2M precableado, protegido [&hellip;]<\/p>\n","protected":false},"featured_media":2287,"comment_status":"open","ping_status":"closed","template":"","meta":{"_lmt_disableupdate":"","_lmt_disable":""},"product_brand":[],"product_cat":[68,61],"product_tag":[],"class_list":{"0":"post-4256","1":"product","2":"type-product","3":"status-publish","4":"has-post-thumbnail","6":"product_cat-ambientales","7":"product_cat-proximidad","9":"first","10":"outofstock","11":"taxable","12":"shipping-taxable","13":"product-type-simple"},"_links":{"self":[{"href":"https:\/\/itv.geekbotelectronics.com\/index.php\/wp-json\/wp\/v2\/product\/4256"}],"collection":[{"href":"https:\/\/itv.geekbotelectronics.com\/index.php\/wp-json\/wp\/v2\/product"}],"about":[{"href":"https:\/\/itv.geekbotelectronics.com\/index.php\/wp-json\/wp\/v2\/types\/product"}],"replies":[{"embeddable":true,"href":"https:\/\/itv.geekbotelectronics.com\/index.php\/wp-json\/wp\/v2\/comments?post=4256"}],"wp:featuredmedia":[{"embeddable":true,"href":"https:\/\/itv.geekbotelectronics.com\/index.php\/wp-json\/wp\/v2\/media\/2287"}],"wp:attachment":[{"href":"https:\/\/itv.geekbotelectronics.com\/index.php\/wp-json\/wp\/v2\/media?parent=4256"}],"wp:term":[{"taxonomy":"product_brand","embeddable":true,"href":"https:\/\/itv.geekbotelectronics.com\/index.php\/wp-json\/wp\/v2\/product_brand?post=4256"},{"taxonomy":"product_cat","embeddable":true,"href":"https:\/\/itv.geekbotelectronics.com\/index.php\/wp-json\/wp\/v2\/product_cat?post=4256"},{"taxonomy":"product_tag","embeddable":true,"href":"https:\/\/itv.geekbotelectronics.com\/index.php\/wp-json\/wp\/v2\/product_tag?post=4256"}],"curies":[{"name":"wp","href":"https:\/\/api.w.org\/{rel}","templated":true}]}}