{"id":4260,"date":"2022-09-05T22:15:26","date_gmt":"2022-09-06T04:15:26","guid":{"rendered":"https:\/\/itv.geekbotelectronics.com\/?post_type=product&#038;p=4260"},"modified":"2024-11-22T11:38:53","modified_gmt":"2024-11-22T17:38:53","slug":"raspberry-pi-pico","status":"publish","type":"product","link":"https:\/\/itv.geekbotelectronics.com\/index.php\/product\/raspberry-pi-pico\/","title":{"rendered":"Raspberry Pi Pico"},"content":{"rendered":"<h3>Raspberry Pi Pico<\/h3>\n<p>La Raspberry Pi Pico es una tarjeta de desarrollo basada en el microcontrolador RP2040. Esta tarjeta ha sido dise\u00f1ada para ser una plataforma de desarrollo muy flexible y de bajo costo.<\/p>\n<p>El RP2040 es un chip dise\u00f1ado por Raspberry Pi que cuenta con dos n\u00facleos ARM Cortex-M0+ que trabajan a 133 MHz, memoria Flash de 2 MB y con memoria RAM de 264 KB. La Raspberry Pi Pico tiene integrada una fuente de alimentaci\u00f3n conmutada (SMPS, Switch Mode Power Supply) <em>buck-boost<\/em>\u00a0que permite generar lo 3.3 V requeridos para alimentar al RP2040 a partir de un amplio rango de voltajes de entrada (de ~1.8 a 5.5 V). Esta cualidad permite alimentar a la Raspberry Pi Pico con una celda de iones de litio o con 3 celdas AA en serie, por ejemplo.<\/p>\n<p>De los 30 pines de entrada y salida de prop\u00f3sito general (General Purpose Input\/Output, GPIO) del microcontrolador RP2040, 26 est\u00e1n disponibles en los puntos de conexi\u00f3n de la Raspberry Pi Pico, y los 4 restantes se utilizan para funciones internas (para controlar un led integrado en la tarjeta, para la fuente de alimentaci\u00f3n conmutada y para detectar los voltajes del sistema). Los pines de entrada y salida en la Raspberry Pi Pico trabajan a 3.3 V y 3 de ellos pueden usarse como Convertidores Anal\u00f3gico a Digital (ADC).<\/p>\n<p>La memoria Flash de la Raspberry Pi Pico puede programarse f\u00e1cilmente por medio del puerto USB. Cuando la Raspberry Pi Pico es alimentada mientras est\u00e1 presionado el bot\u00f3n BOOTSEL, la tarjeta es reconocida como un dispositivo de almacenamiento masivo, y la memoria Flash puede reprogramarse simplemente copiando el archivo del programa desde una computadora con Window o MAC a la tarjeta Pico.<br \/>\nLos programas para la Raspberry Pi Pico pueden desarrollarse con un SDK de C\/C++ o con un puerto oficial de MicroPython.<\/p>\n<h4>Especificaciones:<\/h4>\n<ul>\n<li>Microcontrolador RP2040<\/li>\n<li>Velocidad de reloj 133MHz<\/li>\n<li>Memoria Flash de 2 MB<\/li>\n<li>SRAM de 264 kB<\/li>\n<li>Voltaje de operaci\u00f3n 3.3 V<\/li>\n<li>Puerto Micro-USB B para alimentaci\u00f3n, transferencia de datos y reprogramaci\u00f3n de la memoria Flash<\/li>\n<li>26 pines GPIO, que pueden usarse como: 2 puertos SPI, 2 puertos I2C, 2 puertos UART, 3 convertidores Anal\u00f3gico a Digital de 12 bits y 16 canales de PWM.<\/li>\n<li>Puerto SWD (Serial Wire Debug) de 3 pines<\/li>\n<li>Modo de programaci\u00f3n tipo\u00a0<em>Drag and Drop<\/em><\/li>\n<li>Dimensiones: 51 x 21 x 1 mm<\/li>\n<\/ul>\n","protected":false},"excerpt":{"rendered":"<p>Raspberry Pi Pico La Raspberry Pi Pico es una tarjeta de desarrollo basada en el microcontrolador RP2040. Esta tarjeta ha sido dise\u00f1ada para ser una plataforma de desarrollo muy flexible y de bajo costo. El RP2040 es un chip dise\u00f1ado por Raspberry Pi que cuenta con dos n\u00facleos ARM Cortex-M0+ que trabajan a 133 MHz, [&hellip;]<\/p>\n","protected":false},"featured_media":2290,"comment_status":"open","ping_status":"closed","template":"","meta":{"_lmt_disableupdate":"no","_lmt_disable":""},"product_brand":[],"product_cat":[103],"product_tag":[209],"class_list":{"0":"post-4260","1":"product","2":"type-product","3":"status-publish","4":"has-post-thumbnail","6":"product_cat-machine-learning-and-ai","7":"product_tag-raspberry","9":"first","10":"instock","11":"taxable","12":"shipping-taxable","13":"purchasable","14":"product-type-simple"},"_links":{"self":[{"href":"https:\/\/itv.geekbotelectronics.com\/index.php\/wp-json\/wp\/v2\/product\/4260"}],"collection":[{"href":"https:\/\/itv.geekbotelectronics.com\/index.php\/wp-json\/wp\/v2\/product"}],"about":[{"href":"https:\/\/itv.geekbotelectronics.com\/index.php\/wp-json\/wp\/v2\/types\/product"}],"replies":[{"embeddable":true,"href":"https:\/\/itv.geekbotelectronics.com\/index.php\/wp-json\/wp\/v2\/comments?post=4260"}],"wp:featuredmedia":[{"embeddable":true,"href":"https:\/\/itv.geekbotelectronics.com\/index.php\/wp-json\/wp\/v2\/media\/2290"}],"wp:attachment":[{"href":"https:\/\/itv.geekbotelectronics.com\/index.php\/wp-json\/wp\/v2\/media?parent=4260"}],"wp:term":[{"taxonomy":"product_brand","embeddable":true,"href":"https:\/\/itv.geekbotelectronics.com\/index.php\/wp-json\/wp\/v2\/product_brand?post=4260"},{"taxonomy":"product_cat","embeddable":true,"href":"https:\/\/itv.geekbotelectronics.com\/index.php\/wp-json\/wp\/v2\/product_cat?post=4260"},{"taxonomy":"product_tag","embeddable":true,"href":"https:\/\/itv.geekbotelectronics.com\/index.php\/wp-json\/wp\/v2\/product_tag?post=4260"}],"curies":[{"name":"wp","href":"https:\/\/api.w.org\/{rel}","templated":true}]}}