{"id":4264,"date":"2022-09-05T22:15:26","date_gmt":"2022-09-06T04:15:26","guid":{"rendered":"https:\/\/itv.geekbotelectronics.com\/?post_type=product&#038;p=4264"},"modified":"2023-09-08T17:15:21","modified_gmt":"2023-09-08T23:15:21","slug":"modulo-igcm15f60ga-cipos","status":"publish","type":"product","link":"https:\/\/itv.geekbotelectronics.com\/index.php\/product\/modulo-igcm15f60ga-cipos\/","title":{"rendered":"M\u00f3dulo IGCM15F60GA CIPOS"},"content":{"rendered":"<h3>M\u00f3dulo IGCM15F60GA CIPOS<\/h3>\n<p>La familia de m\u00f3dulos CIPOS \u2122 ofrece la posibilidad de integrar varios componentes de potencia y control para aumentar la confiabilidad, optimizar el tama\u00f1o de la PCB y los costos del sistema.<\/p>\n<p>Est\u00e1 dise\u00f1ado para controlar motores de AC trif\u00e1sicos y motores de imanes permanentes en variadores de velocidad para aplicaciones como aire acondicionado, refrigerador y lavadora. El concepto de paquete est\u00e1 especialmente adaptado a aplicaciones de energ\u00eda, que necesitan buena conducci\u00f3n t\u00e9rmica y aislamiento el\u00e9ctrico, pero tambi\u00e9n control de ahorro de EMI y protecci\u00f3n contra sobrecargas.<\/p>\n<p>Los IGBT de conducci\u00f3n inversa se combinan con un controlador de puerta SOI optimizado para un excelente rendimiento el\u00e9ctrico.<\/p>\n<p>&nbsp;<\/p>\n<h4>Especificaciones:<\/h4>\n<ul>\n<li>Fabricante: Infineon Technologies<\/li>\n<li>RoHS: Si<\/li>\n<li>Estilo de montaje: Through Hole<\/li>\n<li>Paquete \/ Cubierta: MDIP-24<\/li>\n<li>Dp &#8211; Disipaci\u00f3n de potencia: 2 kW<\/li>\n<li>Serie: CIPOS Mini<\/li>\n<li>Nombre comercial: CIPOS<\/li>\n<li>Altura: 5.1 mm<\/li>\n<li>Longitud: 36 mm<\/li>\n<li>Ancho: 21 mm<\/li>\n<li>Peso de la unidad: 6.150 g<\/li>\n<\/ul>\n<p><a href=\"https:\/\/geekbotelectronics.com\/wp-content\/uploads\/2021\/10\/IGCM15F60GA.pdf\">Datasheet<\/a><\/p>\n","protected":false},"excerpt":{"rendered":"<p>M\u00f3dulo IGCM15F60GA CIPOS La familia de m\u00f3dulos CIPOS \u2122 ofrece la posibilidad de integrar varios componentes de potencia y control para aumentar la confiabilidad, optimizar el tama\u00f1o de la PCB y los costos del sistema. Est\u00e1 dise\u00f1ado para controlar motores de AC trif\u00e1sicos y motores de imanes permanentes en variadores de velocidad para aplicaciones como [&hellip;]<\/p>\n","protected":false},"featured_media":2293,"comment_status":"open","ping_status":"closed","template":"","meta":{"_lmt_disableupdate":"","_lmt_disable":""},"product_brand":[],"product_cat":[25],"product_tag":[],"class_list":{"0":"post-4264","1":"product","2":"type-product","3":"status-publish","4":"has-post-thumbnail","6":"product_cat-modulos","8":"first","9":"outofstock","10":"taxable","11":"shipping-taxable","12":"product-type-simple"},"_links":{"self":[{"href":"https:\/\/itv.geekbotelectronics.com\/index.php\/wp-json\/wp\/v2\/product\/4264"}],"collection":[{"href":"https:\/\/itv.geekbotelectronics.com\/index.php\/wp-json\/wp\/v2\/product"}],"about":[{"href":"https:\/\/itv.geekbotelectronics.com\/index.php\/wp-json\/wp\/v2\/types\/product"}],"replies":[{"embeddable":true,"href":"https:\/\/itv.geekbotelectronics.com\/index.php\/wp-json\/wp\/v2\/comments?post=4264"}],"wp:featuredmedia":[{"embeddable":true,"href":"https:\/\/itv.geekbotelectronics.com\/index.php\/wp-json\/wp\/v2\/media\/2293"}],"wp:attachment":[{"href":"https:\/\/itv.geekbotelectronics.com\/index.php\/wp-json\/wp\/v2\/media?parent=4264"}],"wp:term":[{"taxonomy":"product_brand","embeddable":true,"href":"https:\/\/itv.geekbotelectronics.com\/index.php\/wp-json\/wp\/v2\/product_brand?post=4264"},{"taxonomy":"product_cat","embeddable":true,"href":"https:\/\/itv.geekbotelectronics.com\/index.php\/wp-json\/wp\/v2\/product_cat?post=4264"},{"taxonomy":"product_tag","embeddable":true,"href":"https:\/\/itv.geekbotelectronics.com\/index.php\/wp-json\/wp\/v2\/product_tag?post=4264"}],"curies":[{"name":"wp","href":"https:\/\/api.w.org\/{rel}","templated":true}]}}