{"id":4266,"date":"2022-09-05T22:15:33","date_gmt":"2022-09-06T04:15:33","guid":{"rendered":"https:\/\/itv.geekbotelectronics.com\/?post_type=product&#038;p=4266"},"modified":"2023-09-08T17:15:21","modified_gmt":"2023-09-08T23:15:21","slug":"quectel-uc20-g-minipcie","status":"publish","type":"product","link":"https:\/\/itv.geekbotelectronics.com\/index.php\/product\/quectel-uc20-g-minipcie\/","title":{"rendered":"Quectel UC20-G MiniPCIE"},"content":{"rendered":"<p>Basado en la plataforma MDM6200 de Qualcomm, es una combinaci\u00f3n de<strong>\u00a0UMTS \/ HSPA<\/strong>,\u00a0<strong>GSM \/ GPRS<\/strong>,\u00a0<strong>GPS \/ GLONASS<\/strong>\u00a0y una tarjeta Mini PCI Express con interfaz est\u00e1ndar 1.2.<br \/>\nEs compatible con el sistema operativo embebido como WinCE, Linux y Android, etc .., y tambi\u00e9n proporciona voz y transmisi\u00f3n de datos de alta velocidad para diferentes aplicaciones.<\/p>\n<p>El m\u00f3dulo Mini PCIe UC20 puede ser usado en los siguientes campos:<br \/>\n-PDAs y Computadores (Laptop)<br \/>\n-Sistemas de Monitoreo Remoto<br \/>\n-Sistemas de seguridad en Veh\u00edculos<br \/>\n-Sistemas Wireless POS<br \/>\n-Sistemas de Inteligencia para lectura de datos<br \/>\n-Wireless Router and Switch<br \/>\n-Otros aplicaciones Wireless<\/p>\n<p><b>Caracter\u00edsticas<\/b><strong>\u00a0Generales<\/strong><br \/>\nBandas de Frecuencia:<br \/>\nUMTS: 800\/850\/900\/19002100 MHz<br \/>\nGSM: 850\/900\/1800\/1900 MHz<br \/>\nControl v\u00eda comandos AT: 3GPP, TS27.007, 27.005<br \/>\nRango de Alimentaci\u00f3n: 3v \u2013 3,6v T\u00edpico:3,3V<br \/>\nTemperatura de Operaci\u00f3n: -40\u00baC Hasta +80\u00baC<br \/>\nDimensiones: 51mm x 30mm x 4,9mm<\/p>\n<p><strong>Especificaciones<\/strong><br \/>\nDatos HSPA+ Max.14.4Mbps (DL)\/ Max. 5.76Mbps (UL)<br \/>\nUMTS Max.14.4Mbps (DL)\/ Max. 5.76Mbps (UL)<br \/>\nEDGE Max.14.4Mbps (DL)\/ Max. 5.76Mbps (UL)<br \/>\nGPRS Max.14.4Mbps (DL)\/ Max. 5.76Mbps (UL)<br \/>\nCSD 14,4Kbps<br \/>\nProtocolos: PPP\/TCP\/UDP\/FTP\/HTTP\/MMS\/SMTP\/SSL<\/p>\n","protected":false},"excerpt":{"rendered":"<p>Basado en la plataforma MDM6200 de Qualcomm, es una combinaci\u00f3n de\u00a0UMTS \/ HSPA,\u00a0GSM \/ GPRS,\u00a0GPS \/ GLONASS\u00a0y una tarjeta Mini PCI Express con interfaz est\u00e1ndar 1.2. Es compatible con el sistema operativo embebido como WinCE, Linux y Android, etc .., y tambi\u00e9n proporciona voz y transmisi\u00f3n de datos de alta velocidad para diferentes aplicaciones. El [&hellip;]<\/p>\n","protected":false},"featured_media":2295,"comment_status":"open","ping_status":"closed","template":"","meta":{"_lmt_disableupdate":"","_lmt_disable":""},"product_brand":[],"product_cat":[210,25],"product_tag":[],"class_list":{"0":"post-4266","1":"product","2":"type-product","3":"status-publish","4":"has-post-thumbnail","6":"product_cat-gsm","7":"product_cat-modulos","9":"first","10":"outofstock","11":"taxable","12":"shipping-taxable","13":"product-type-simple"},"_links":{"self":[{"href":"https:\/\/itv.geekbotelectronics.com\/index.php\/wp-json\/wp\/v2\/product\/4266"}],"collection":[{"href":"https:\/\/itv.geekbotelectronics.com\/index.php\/wp-json\/wp\/v2\/product"}],"about":[{"href":"https:\/\/itv.geekbotelectronics.com\/index.php\/wp-json\/wp\/v2\/types\/product"}],"replies":[{"embeddable":true,"href":"https:\/\/itv.geekbotelectronics.com\/index.php\/wp-json\/wp\/v2\/comments?post=4266"}],"wp:featuredmedia":[{"embeddable":true,"href":"https:\/\/itv.geekbotelectronics.com\/index.php\/wp-json\/wp\/v2\/media\/2295"}],"wp:attachment":[{"href":"https:\/\/itv.geekbotelectronics.com\/index.php\/wp-json\/wp\/v2\/media?parent=4266"}],"wp:term":[{"taxonomy":"product_brand","embeddable":true,"href":"https:\/\/itv.geekbotelectronics.com\/index.php\/wp-json\/wp\/v2\/product_brand?post=4266"},{"taxonomy":"product_cat","embeddable":true,"href":"https:\/\/itv.geekbotelectronics.com\/index.php\/wp-json\/wp\/v2\/product_cat?post=4266"},{"taxonomy":"product_tag","embeddable":true,"href":"https:\/\/itv.geekbotelectronics.com\/index.php\/wp-json\/wp\/v2\/product_tag?post=4266"}],"curies":[{"name":"wp","href":"https:\/\/api.w.org\/{rel}","templated":true}]}}