{"id":4268,"date":"2022-09-05T22:15:33","date_gmt":"2022-09-06T04:15:33","guid":{"rendered":"https:\/\/itv.geekbotelectronics.com\/?post_type=product&#038;p=4268"},"modified":"2025-02-11T11:31:28","modified_gmt":"2025-02-11T17:31:28","slug":"sensor-de-presion-de-vacio-mems-100kpa","status":"publish","type":"product","link":"https:\/\/itv.geekbotelectronics.com\/index.php\/product\/sensor-de-presion-de-vacio-mems-100kpa\/","title":{"rendered":"Sensor de Presi\u00f3n de Vac\u00edo MEMS 100KPa"},"content":{"rendered":"<h4>Sensor de Presi\u00f3n de Vac\u00edo MEMS 100KPa<\/h4>\n<p>El sensor de presi\u00f3n adecuado para campos biom\u00e9dicos, meteorol\u00f3gicos y otros, la parte central es el uso de una tecnolog\u00eda de procesamiento de chip de sensor de presi\u00f3n MEMS. El chip sensor de presi\u00f3n est\u00e1 integrado por una membrana el\u00e1stica compuesta por cuatro pel\u00edculas resistivas. Cuatro varistores formaron una estructura de puente de Wheatstone, cuando se aplica presi\u00f3n a la pel\u00edcula el\u00e1stica, el puente tendr\u00e1 una presi\u00f3n aplicada en una se\u00f1al de salida de voltaje en una relaci\u00f3n linealmente proporcional.<\/p>\n<p>Caracter\u00edsticas:<\/p>\n<ul>\n<li>Rango de medici\u00f3n-100kPa ~ 20kPa &#8230; 700kPa<\/li>\n<li>Tecnolog\u00eda MEMS<\/li>\n<li>Para gases o l\u00edquidos no corrosivos<\/li>\n<li>Rango de temperatura de funcionamiento: -40 \u00b0 ~ + 125 \u00b0<\/li>\n<li>C\u00e1mara de contrapresi\u00f3n de viruta bajo presi\u00f3n<\/li>\n<li>Pin de direcci\u00f3n seleccionable<\/li>\n<\/ul>\n<p>Aplicaciones:<\/p>\n<p>Esfigmoman\u00f3metro electr\u00f3nico, m\u00e1quinas de ox\u00edgeno, alcohol\u00edmetros, monitores y otros campos m\u00e9dicos.<\/p>\n<p>Presi\u00f3n de neum\u00e1ticos de electr\u00f3nica automotriz, sensor MAP.<\/p>\n<p>Masajes, sillones de masaje, colchonetas de aire y otras \u00e1reas de equipamiento deportivo y fitness.<\/p>\n<p>Campo de lavadoras, cerveza, cafeteras, luces de emergencia, aspiradoras, componentes neum\u00e1ticos.<\/p>\n<p>&nbsp;<\/p>\n<p>Rendimiento el\u00e9ctrico:<\/p>\n<p>Fuente de alimentaci\u00f3n: \u226410V DCOr \u22642.0mA DC<br \/>\nImpedancia de entrada: 4k\u03a9 ~ 6k\u03a9<br \/>\nImpedancia de salida: 4k\u03a9 ~ 6k\u03a9<br \/>\nResistencia de aislamiento: 100 M\u03a9, 100 V CC<br \/>\nPermitir sobrecarga:<br \/>\n0 ~ 20kPa &#8230; 200kPa: 2 veces la escala completa<br \/>\n0 ~ 500kPa &#8230; 700kPa: 1,5 veces la escala completa<\/p>\n<p>Condiciones de referencia:<\/p>\n<p>Medios de medici\u00f3n: aire<br \/>\nTemperatura media: (25 \u00b1 1) \u00b0<br \/>\nTemperatura ambiente: (25 \u00b1 1) \u00b0<br \/>\nZhen fijo: 0,1 g (1 m \/ s2) m\u00e1x.<br \/>\nGrado h\u00famedo: (50% \u00b1 10%) RH<br \/>\nFuente el\u00e9ctrica: (5 \u00b1 0,005) V DC<\/p>\n","protected":false},"excerpt":{"rendered":"<p>Sensor de Presi\u00f3n de Vac\u00edo MEMS 100KPa El sensor de presi\u00f3n adecuado para campos biom\u00e9dicos, meteorol\u00f3gicos y otros, la parte central es el uso de una tecnolog\u00eda de procesamiento de chip de sensor de presi\u00f3n MEMS. El chip sensor de presi\u00f3n est\u00e1 integrado por una membrana el\u00e1stica compuesta por cuatro pel\u00edculas resistivas. Cuatro varistores formaron [&hellip;]<\/p>\n","protected":false},"featured_media":2296,"comment_status":"open","ping_status":"closed","template":"","meta":{"_lmt_disableupdate":"no","_lmt_disable":""},"product_brand":[],"product_cat":[68],"product_tag":[],"class_list":{"0":"post-4268","1":"product","2":"type-product","3":"status-publish","4":"has-post-thumbnail","6":"product_cat-ambientales","8":"first","9":"instock","10":"taxable","11":"shipping-taxable","12":"purchasable","13":"product-type-simple"},"_links":{"self":[{"href":"https:\/\/itv.geekbotelectronics.com\/index.php\/wp-json\/wp\/v2\/product\/4268"}],"collection":[{"href":"https:\/\/itv.geekbotelectronics.com\/index.php\/wp-json\/wp\/v2\/product"}],"about":[{"href":"https:\/\/itv.geekbotelectronics.com\/index.php\/wp-json\/wp\/v2\/types\/product"}],"replies":[{"embeddable":true,"href":"https:\/\/itv.geekbotelectronics.com\/index.php\/wp-json\/wp\/v2\/comments?post=4268"}],"wp:featuredmedia":[{"embeddable":true,"href":"https:\/\/itv.geekbotelectronics.com\/index.php\/wp-json\/wp\/v2\/media\/2296"}],"wp:attachment":[{"href":"https:\/\/itv.geekbotelectronics.com\/index.php\/wp-json\/wp\/v2\/media?parent=4268"}],"wp:term":[{"taxonomy":"product_brand","embeddable":true,"href":"https:\/\/itv.geekbotelectronics.com\/index.php\/wp-json\/wp\/v2\/product_brand?post=4268"},{"taxonomy":"product_cat","embeddable":true,"href":"https:\/\/itv.geekbotelectronics.com\/index.php\/wp-json\/wp\/v2\/product_cat?post=4268"},{"taxonomy":"product_tag","embeddable":true,"href":"https:\/\/itv.geekbotelectronics.com\/index.php\/wp-json\/wp\/v2\/product_tag?post=4268"}],"curies":[{"name":"wp","href":"https:\/\/api.w.org\/{rel}","templated":true}]}}