{"id":4269,"date":"2022-09-05T22:15:33","date_gmt":"2022-09-06T04:15:33","guid":{"rendered":"https:\/\/itv.geekbotelectronics.com\/?post_type=product&#038;p=4269"},"modified":"2023-09-08T17:15:22","modified_gmt":"2023-09-08T23:15:22","slug":"disipador-de-calor-150-x-120-x-20-mm","status":"publish","type":"product","link":"https:\/\/itv.geekbotelectronics.com\/index.php\/product\/disipador-de-calor-150-x-120-x-20-mm\/","title":{"rendered":"Disipador de Calor 150 x 120 x 20 mm"},"content":{"rendered":"<h3>Disipador de calor<\/h3>\n<p>De aluminio de alto rendimiento t\u00e9rmico.<\/p>\n<p>Los Disipadores de calor de aluminio son \u00fatiles para proteger a los componentes electr\u00f3nicos, manteniendo temperaturas de operaci\u00f3n adecuadas para el funcionamiento de tus proyectos.<\/p>\n<p>&#8211; Medidas: 15 cm x 12 cm x 2 cm<\/p>\n","protected":false},"excerpt":{"rendered":"<p>Disipador de calor De aluminio de alto rendimiento t\u00e9rmico. Los Disipadores de calor de aluminio son \u00fatiles para proteger a los componentes electr\u00f3nicos, manteniendo temperaturas de operaci\u00f3n adecuadas para el funcionamiento de tus proyectos. &#8211; Medidas: 15 cm x 12 cm x 2 cm<\/p>\n","protected":false},"featured_media":2297,"comment_status":"closed","ping_status":"closed","template":"","meta":{"_lmt_disableupdate":"","_lmt_disable":""},"product_brand":[],"product_cat":[148],"product_tag":[],"class_list":{"0":"post-4269","1":"product","2":"type-product","3":"status-publish","4":"has-post-thumbnail","6":"product_cat-disipadores-de-calor","8":"first","9":"outofstock","10":"taxable","11":"shipping-taxable","12":"purchasable","13":"product-type-simple"},"_links":{"self":[{"href":"https:\/\/itv.geekbotelectronics.com\/index.php\/wp-json\/wp\/v2\/product\/4269"}],"collection":[{"href":"https:\/\/itv.geekbotelectronics.com\/index.php\/wp-json\/wp\/v2\/product"}],"about":[{"href":"https:\/\/itv.geekbotelectronics.com\/index.php\/wp-json\/wp\/v2\/types\/product"}],"replies":[{"embeddable":true,"href":"https:\/\/itv.geekbotelectronics.com\/index.php\/wp-json\/wp\/v2\/comments?post=4269"}],"wp:featuredmedia":[{"embeddable":true,"href":"https:\/\/itv.geekbotelectronics.com\/index.php\/wp-json\/wp\/v2\/media\/2297"}],"wp:attachment":[{"href":"https:\/\/itv.geekbotelectronics.com\/index.php\/wp-json\/wp\/v2\/media?parent=4269"}],"wp:term":[{"taxonomy":"product_brand","embeddable":true,"href":"https:\/\/itv.geekbotelectronics.com\/index.php\/wp-json\/wp\/v2\/product_brand?post=4269"},{"taxonomy":"product_cat","embeddable":true,"href":"https:\/\/itv.geekbotelectronics.com\/index.php\/wp-json\/wp\/v2\/product_cat?post=4269"},{"taxonomy":"product_tag","embeddable":true,"href":"https:\/\/itv.geekbotelectronics.com\/index.php\/wp-json\/wp\/v2\/product_tag?post=4269"}],"curies":[{"name":"wp","href":"https:\/\/api.w.org\/{rel}","templated":true}]}}