{"id":4270,"date":"2022-09-05T22:15:33","date_gmt":"2022-09-06T04:15:33","guid":{"rendered":"https:\/\/itv.geekbotelectronics.com\/?post_type=product&#038;p=4270"},"modified":"2023-06-12T02:06:05","modified_gmt":"2023-06-12T08:06:05","slug":"disipador-de-calor-56-x-50-x-15-mm","status":"publish","type":"product","link":"https:\/\/itv.geekbotelectronics.com\/index.php\/product\/disipador-de-calor-56-x-50-x-15-mm\/","title":{"rendered":"Disipador de Calor 56 x 50 x 15 mm"},"content":{"rendered":"<h3>Disipador de calor<\/h3>\n<p>De aluminio de alto rendimiento t\u00e9rmico.<\/p>\n<p>Los Disipadores de calor de aluminio son \u00fatiles para proteger a los componentes electr\u00f3nicos, manteniendo temperaturas de operaci\u00f3n adecuadas para el funcionamiento de tus proyectos.<\/p>\n<p>&#8211; Medidas: 5.6 cm x 5 cm x 1.5 cm<\/p>\n","protected":false},"excerpt":{"rendered":"<p>Disipador de calor De aluminio de alto rendimiento t\u00e9rmico. Los Disipadores de calor de aluminio son \u00fatiles para proteger a los componentes electr\u00f3nicos, manteniendo temperaturas de operaci\u00f3n adecuadas para el funcionamiento de tus proyectos. &#8211; Medidas: 5.6 cm x 5 cm x 1.5 cm<\/p>\n","protected":false},"featured_media":9630,"comment_status":"closed","ping_status":"closed","template":"","meta":{"_lmt_disableupdate":"no","_lmt_disable":""},"product_brand":[],"product_cat":[148],"product_tag":[],"class_list":{"0":"post-4270","1":"product","2":"type-product","3":"status-publish","4":"has-post-thumbnail","6":"product_cat-disipadores-de-calor","8":"first","9":"outofstock","10":"taxable","11":"shipping-taxable","12":"purchasable","13":"product-type-simple"},"_links":{"self":[{"href":"https:\/\/itv.geekbotelectronics.com\/index.php\/wp-json\/wp\/v2\/product\/4270"}],"collection":[{"href":"https:\/\/itv.geekbotelectronics.com\/index.php\/wp-json\/wp\/v2\/product"}],"about":[{"href":"https:\/\/itv.geekbotelectronics.com\/index.php\/wp-json\/wp\/v2\/types\/product"}],"replies":[{"embeddable":true,"href":"https:\/\/itv.geekbotelectronics.com\/index.php\/wp-json\/wp\/v2\/comments?post=4270"}],"wp:featuredmedia":[{"embeddable":true,"href":"https:\/\/itv.geekbotelectronics.com\/index.php\/wp-json\/wp\/v2\/media\/9630"}],"wp:attachment":[{"href":"https:\/\/itv.geekbotelectronics.com\/index.php\/wp-json\/wp\/v2\/media?parent=4270"}],"wp:term":[{"taxonomy":"product_brand","embeddable":true,"href":"https:\/\/itv.geekbotelectronics.com\/index.php\/wp-json\/wp\/v2\/product_brand?post=4270"},{"taxonomy":"product_cat","embeddable":true,"href":"https:\/\/itv.geekbotelectronics.com\/index.php\/wp-json\/wp\/v2\/product_cat?post=4270"},{"taxonomy":"product_tag","embeddable":true,"href":"https:\/\/itv.geekbotelectronics.com\/index.php\/wp-json\/wp\/v2\/product_tag?post=4270"}],"curies":[{"name":"wp","href":"https:\/\/api.w.org\/{rel}","templated":true}]}}