{"id":4477,"date":"2022-10-04T08:19:05","date_gmt":"2022-10-04T14:19:05","guid":{"rendered":"https:\/\/itv.geekbotelectronics.com\/?post_type=product&#038;p=4477"},"modified":"2025-11-04T17:45:02","modified_gmt":"2025-11-04T23:45:02","slug":"dac0808-convertidor-digital-a-analogico-8-bit","status":"publish","type":"product","link":"https:\/\/itv.geekbotelectronics.com\/index.php\/product\/dac0808-convertidor-digital-a-analogico-8-bit\/","title":{"rendered":"DAC0808 Convertidor Digital a Anal\u00f3gico 8 Bit"},"content":{"rendered":"<p>Tipo de convertidor: Digital anal\u00f3gico<br \/>\nTipo interfaz: Paralelo, CMOS, TTL<br \/>\nResoluci\u00f3n: 8 bits<br \/>\nSuministro de voltaje m\u00ednimo: 4.5 V<br \/>\nSuministro de voltaje m\u00e1ximo: 18 V<br \/>\nCorriente: 2.3 mA<br \/>\nTemperatura de operaci\u00f3n m\u00ednima: 0\u00b0C<br \/>\nTemperatura de operaci\u00f3n m\u00e1xima: 75\u00b0C<br \/>\nEncapsulado DIP<br \/>\n16 pines<\/p>\n","protected":false},"excerpt":{"rendered":"<p>Tipo de convertidor: Digital anal\u00f3gico Tipo interfaz: Paralelo, CMOS, TTL Resoluci\u00f3n: 8 bits Suministro de voltaje m\u00ednimo: 4.5 V Suministro de voltaje m\u00e1ximo: 18 V Corriente: 2.3 mA Temperatura de operaci\u00f3n m\u00ednima: 0\u00b0C Temperatura de operaci\u00f3n m\u00e1xima: 75\u00b0C Encapsulado DIP 16 pines<\/p>\n","protected":false},"featured_media":4478,"comment_status":"open","ping_status":"closed","template":"","meta":{"_lmt_disableupdate":"no","_lmt_disable":""},"product_brand":[],"product_cat":[15,139,44],"product_tag":[],"class_list":{"0":"post-4477","1":"product","2":"type-product","3":"status-publish","4":"has-post-thumbnail","6":"product_cat-uncategorized","7":"product_cat-circuitos-analogicos","8":"product_cat-circuitos-integrados","10":"first","11":"instock","12":"taxable","13":"shipping-taxable","14":"purchasable","15":"product-type-simple"},"_links":{"self":[{"href":"https:\/\/itv.geekbotelectronics.com\/index.php\/wp-json\/wp\/v2\/product\/4477"}],"collection":[{"href":"https:\/\/itv.geekbotelectronics.com\/index.php\/wp-json\/wp\/v2\/product"}],"about":[{"href":"https:\/\/itv.geekbotelectronics.com\/index.php\/wp-json\/wp\/v2\/types\/product"}],"replies":[{"embeddable":true,"href":"https:\/\/itv.geekbotelectronics.com\/index.php\/wp-json\/wp\/v2\/comments?post=4477"}],"wp:featuredmedia":[{"embeddable":true,"href":"https:\/\/itv.geekbotelectronics.com\/index.php\/wp-json\/wp\/v2\/media\/4478"}],"wp:attachment":[{"href":"https:\/\/itv.geekbotelectronics.com\/index.php\/wp-json\/wp\/v2\/media?parent=4477"}],"wp:term":[{"taxonomy":"product_brand","embeddable":true,"href":"https:\/\/itv.geekbotelectronics.com\/index.php\/wp-json\/wp\/v2\/product_brand?post=4477"},{"taxonomy":"product_cat","embeddable":true,"href":"https:\/\/itv.geekbotelectronics.com\/index.php\/wp-json\/wp\/v2\/product_cat?post=4477"},{"taxonomy":"product_tag","embeddable":true,"href":"https:\/\/itv.geekbotelectronics.com\/index.php\/wp-json\/wp\/v2\/product_tag?post=4477"}],"curies":[{"name":"wp","href":"https:\/\/api.w.org\/{rel}","templated":true}]}}