{"id":4991,"date":"2022-10-31T16:46:57","date_gmt":"2022-10-31T22:46:57","guid":{"rendered":"https:\/\/itv.geekbotelectronics.com\/?post_type=product&#038;p=4991"},"modified":"2025-02-28T11:41:41","modified_gmt":"2025-02-28T17:41:41","slug":"fotoresistencia-gl5547-2-mohm-copia","status":"publish","type":"product","link":"https:\/\/itv.geekbotelectronics.com\/index.php\/product\/fotoresistencia-gl5547-2-mohm-copia\/","title":{"rendered":"Fotoresistencia GL5547 5 kohm"},"content":{"rendered":"<h4 style=\"text-align: justify\"><span style=\"color: #000000\">Fotoresistencia<\/span><\/h4>\n<p style=\"text-align: justify\"><span style=\"color: #000000\">Una fotoresistencia es un <a style=\"color: #000000\" title=\"Componente electr\u00f3nico\" href=\"https:\/\/es.wikipedia.org\/wiki\/Componente_electr%C3%B3nico\">componente electr\u00f3nico<\/a> cuya <a style=\"color: #000000\" title=\"Resistencia el\u00e9ctrica\" href=\"https:\/\/es.wikipedia.org\/wiki\/Resistencia_el%C3%A9ctrica\">resistencia<\/a> disminuye con el aumento de intensidad de <a style=\"color: #000000\" title=\"Luz\" href=\"https:\/\/es.wikipedia.org\/wiki\/Luz\">luz<\/a> incidente.\u00a0Su funcionamiento se basa en el <a style=\"color: #000000\" title=\"Efecto fotoel\u00e9ctrico\" href=\"https:\/\/es.wikipedia.org\/wiki\/Efecto_fotoel%C3%A9ctrico\">efecto fotoel\u00e9ctrico<\/a>. Un fotorresistor est\u00e1 hecho de un <a style=\"color: #000000\" title=\"Semiconductor\" href=\"https:\/\/es.wikipedia.org\/wiki\/Semiconductor\">semiconductor<\/a> de alta resistencia como el <a class=\"new\" style=\"color: #000000\" title=\"Sulfuro de cadmio (a\u00fan no redactado)\" href=\"https:\/\/es.wikipedia.org\/w\/index.php?title=Sulfuro_de_cadmio&amp;action=edit&amp;redlink=1\">sulfuro de cadmio<\/a>, CdS. Si la luz que incide en el dispositivo es de alta <a style=\"color: #000000\" title=\"Frecuencia\" href=\"https:\/\/es.wikipedia.org\/wiki\/Frecuencia\">frecuencia<\/a>, los <a style=\"color: #000000\" title=\"Fot\u00f3n\" href=\"https:\/\/es.wikipedia.org\/wiki\/Fot%C3%B3n\">fotones<\/a> son absorbidos por las elasticidades del <a style=\"color: #000000\" title=\"Semiconductor\" href=\"https:\/\/es.wikipedia.org\/wiki\/Semiconductor\">semiconductor<\/a> dando a los <a style=\"color: #000000\" title=\"Electr\u00f3n\" href=\"https:\/\/es.wikipedia.org\/wiki\/Electr%C3%B3n\">electrones<\/a> la suficiente energ\u00eda para saltar la <a style=\"color: #000000\" title=\"Banda de conducci\u00f3n\" href=\"https:\/\/es.wikipedia.org\/wiki\/Banda_de_conducci%C3%B3n\">banda de conducci\u00f3n<\/a>. El electr\u00f3n libre que resulta, y su hueco asociado, conducen la electricidad, de tal modo que disminuye la <a style=\"color: #000000\" title=\"Resistencia el\u00e9ctrica\" href=\"https:\/\/es.wikipedia.org\/wiki\/Resistencia_el%C3%A9ctrica\">resistencia<\/a>. Los valores t\u00edpicos var\u00edan entre 1\u00a0M\u03a9, o m\u00e1s, en la oscuridad y 100\u00a0\u03a9 con luz brillante.\u00a0<\/span>El tiempo de respuesta t\u00edpico de un LDR est\u00e1 en el orden de la d\u00e9cima de segundo.<\/p>\n<p style=\"text-align: justify\">Se emplean en iluminaci\u00f3n, apagado y encendido de alumbrado (interruptores crepusculares), en alarmas, en c\u00e1maras fotogr\u00e1ficas, en medidores de luz. Las de la gama infrarroja en control de m\u00e1quinas y procesos de contage y detecci\u00f3n de objetos.\u00a0Son sensores ideales para proyectos de iluminaci\u00f3n o cualquier proyecto que necesite controlar la luz ambiente.<\/p>\n","protected":false},"excerpt":{"rendered":"<h4>Especificaciones<\/h4>\n<ul style=\"color: #555555\">\n<li>Voltaje Max: 150 V<\/li>\n<li>Potencia Max: 100 mW<\/li>\n<li>Temperatura ambiental: -30~+70<\/li>\n<li>Resistencia a la luz (10Lux): 30-50 Kohm<\/li>\n<li>Resistencia en oscuridad: 2 Mohm<\/li>\n<li>Di\u00e1metro: 5 mm<\/li>\n<\/ul>\n","protected":false},"featured_media":166,"comment_status":"closed","ping_status":"closed","template":"","meta":{"_lmt_disableupdate":"no","_lmt_disable":""},"product_brand":[],"product_cat":[75,76,62],"product_tag":[],"class_list":{"0":"post-4991","1":"product","2":"type-product","3":"status-publish","4":"has-post-thumbnail","6":"product_cat-detectores","7":"product_cat-fotoresistencias","8":"product_cat-opticos","10":"first","11":"outofstock","12":"taxable","13":"shipping-taxable","14":"purchasable","15":"product-type-simple"},"_links":{"self":[{"href":"https:\/\/itv.geekbotelectronics.com\/index.php\/wp-json\/wp\/v2\/product\/4991"}],"collection":[{"href":"https:\/\/itv.geekbotelectronics.com\/index.php\/wp-json\/wp\/v2\/product"}],"about":[{"href":"https:\/\/itv.geekbotelectronics.com\/index.php\/wp-json\/wp\/v2\/types\/product"}],"replies":[{"embeddable":true,"href":"https:\/\/itv.geekbotelectronics.com\/index.php\/wp-json\/wp\/v2\/comments?post=4991"}],"wp:featuredmedia":[{"embeddable":true,"href":"https:\/\/itv.geekbotelectronics.com\/index.php\/wp-json\/wp\/v2\/media\/166"}],"wp:attachment":[{"href":"https:\/\/itv.geekbotelectronics.com\/index.php\/wp-json\/wp\/v2\/media?parent=4991"}],"wp:term":[{"taxonomy":"product_brand","embeddable":true,"href":"https:\/\/itv.geekbotelectronics.com\/index.php\/wp-json\/wp\/v2\/product_brand?post=4991"},{"taxonomy":"product_cat","embeddable":true,"href":"https:\/\/itv.geekbotelectronics.com\/index.php\/wp-json\/wp\/v2\/product_cat?post=4991"},{"taxonomy":"product_tag","embeddable":true,"href":"https:\/\/itv.geekbotelectronics.com\/index.php\/wp-json\/wp\/v2\/product_tag?post=4991"}],"curies":[{"name":"wp","href":"https:\/\/api.w.org\/{rel}","templated":true}]}}