{"id":6297,"date":"2023-02-15T16:21:30","date_gmt":"2023-02-15T22:21:30","guid":{"rendered":"https:\/\/itv.geekbotelectronics.com\/?post_type=product&#038;p=6297"},"modified":"2025-11-03T13:44:48","modified_gmt":"2025-11-03T19:44:48","slug":"puntas-para-multimetro","status":"publish","type":"product","link":"https:\/\/itv.geekbotelectronics.com\/index.php\/product\/puntas-para-multimetro\/","title":{"rendered":"Puntas para Mult\u00edmetro"},"content":{"rendered":"<p>Las Puntas para Mult\u00edmetro son un juego de puntas de prueba dise\u00f1adas para ser utilizadas con mult\u00edmetros universales. Est\u00e1n fabricadas en color negro y rojo, lo que facilita la identificaci\u00f3n del cable positivo y negativo durante el proceso de medici\u00f3n.<\/p>\n<p>La longitud de los cables es de 1.10 metro, lo que permite una mayor flexibilidad al momento de realizar mediciones en \u00e1reas dif\u00edciles o alejadas del dispositivo a analizar. Adem\u00e1s, su dise\u00f1o ergon\u00f3mico garantiza un agarre c\u00f3modo y seguro durante todo el proceso.<\/p>\n<p>Estas puntas est\u00e1n hechas con materiales resistentes y duraderos, por lo que ofrecen una larga vida \u00fatil incluso ante condiciones adversas como altas temperaturas o humedad excesiva. Su precisi\u00f3n tambi\u00e9n est\u00e1 asegurada gracias a su alta sensibilidad el\u00e9ctrica.<\/p>\n<p>En conclusi\u00f3n, son una excelente opci\u00f3n para aquellos usuarios que buscan herramientas confiables y eficientes para sus tareas diarias relacionadas con la electr\u00f3nica. Con ellas podr\u00e1s obtener mediciones precisas sin tener que preocuparte por problemas t\u00e9cnicos o fallas prematuras debido a su calidad superior.<\/p>\n","protected":false},"excerpt":{"rendered":"<p><strong>Caracter\u00edstica:<\/strong><\/p>\n<p>Cantidad: 1 par<\/p>\n<p>Color: negro y gris\/rojo + gris<\/p>\n<p>Material: silicona<\/p>\n<p>Longitud: 110cm<\/p>\n<p><strong>Especificaciones del producto:<\/strong><\/p>\n<p>Rojo: positivo, negro: negativo<\/p>\n<p>Longitud del cable: 88cm<\/p>\n<p>Longitud total: 106cm<\/p>\n<p>Voltaje m\u00e1ximo de prueba profesional: 1000V 10A 20A<\/p>\n<p>F\u00e1cil de leer: hay signos \u201c+\u201d y \u201c-\u201d cerca del detector<\/p>\n<p>Cubierto con goma, c\u00f3modo de sostener<\/p>\n<p>Enchufe universal, f\u00e1cil de usar<\/p>\n<p>Es una de las herramientas \u00fatiles que aportan mucha comodidad a su trabajo electr\u00f3nico<\/p>\n","protected":false},"featured_media":6298,"comment_status":"open","ping_status":"closed","template":"","meta":{"_lmt_disableupdate":"no","_lmt_disable":""},"product_brand":[],"product_cat":[101,105],"product_tag":[],"class_list":{"0":"post-6297","1":"product","2":"type-product","3":"status-publish","4":"has-post-thumbnail","6":"product_cat-accesorios","7":"product_cat-medicion","9":"first","10":"instock","11":"taxable","12":"shipping-taxable","13":"purchasable","14":"product-type-simple"},"_links":{"self":[{"href":"https:\/\/itv.geekbotelectronics.com\/index.php\/wp-json\/wp\/v2\/product\/6297"}],"collection":[{"href":"https:\/\/itv.geekbotelectronics.com\/index.php\/wp-json\/wp\/v2\/product"}],"about":[{"href":"https:\/\/itv.geekbotelectronics.com\/index.php\/wp-json\/wp\/v2\/types\/product"}],"replies":[{"embeddable":true,"href":"https:\/\/itv.geekbotelectronics.com\/index.php\/wp-json\/wp\/v2\/comments?post=6297"}],"wp:featuredmedia":[{"embeddable":true,"href":"https:\/\/itv.geekbotelectronics.com\/index.php\/wp-json\/wp\/v2\/media\/6298"}],"wp:attachment":[{"href":"https:\/\/itv.geekbotelectronics.com\/index.php\/wp-json\/wp\/v2\/media?parent=6297"}],"wp:term":[{"taxonomy":"product_brand","embeddable":true,"href":"https:\/\/itv.geekbotelectronics.com\/index.php\/wp-json\/wp\/v2\/product_brand?post=6297"},{"taxonomy":"product_cat","embeddable":true,"href":"https:\/\/itv.geekbotelectronics.com\/index.php\/wp-json\/wp\/v2\/product_cat?post=6297"},{"taxonomy":"product_tag","embeddable":true,"href":"https:\/\/itv.geekbotelectronics.com\/index.php\/wp-json\/wp\/v2\/product_tag?post=6297"}],"curies":[{"name":"wp","href":"https:\/\/api.w.org\/{rel}","templated":true}]}}